{"id":2028,"date":"2020-12-23T06:10:39","date_gmt":"2020-12-23T06:10:39","guid":{"rendered":"https:\/\/ralph-theissen.be\/qui-sommes-nous\/"},"modified":"2024-03-22T08:34:51","modified_gmt":"2024-03-22T08:34:51","slug":"qui-sommes-nous","status":"publish","type":"page","link":"https:\/\/ralph-theissen.be\/fr\/qui-sommes-nous\/","title":{"rendered":"Qui sommes-nous ?"},"content":{"rendered":"\n<style type=\"text\/css\" data-created_by=\"avia_inline_auto\" id=\"style-css-av-1zfjt-822fd7de62794550668c0746a84e0fa4\">\n.flex_column.av-1zfjt-822fd7de62794550668c0746a84e0fa4{\nborder-radius:0px 0px 0px 0px;\npadding:0px 0px 0px 0px;\n}\n<\/style>\n<div  class='flex_column av-1zfjt-822fd7de62794550668c0746a84e0fa4 av_one_full  avia-builder-el-0  el_before_av_one_full  avia-builder-el-first  first flex_column_div av-zero-column-padding  '     ><style type=\"text\/css\" data-created_by=\"avia_inline_auto\" id=\"style-css-av-1kckl-f63c659234b6db01ed93490adf3df5b6\">\n#top #wrap_all .avia-slideshow .av-slideshow-caption.av-1kckl-f63c659234b6db01ed93490adf3df5b6__0 .avia-caption-title{\ncolor:#ffffff;\n}\n<\/style>\n<div  class='avia-slideshow av-1kckl-f63c659234b6db01ed93490adf3df5b6 avia-slideshow-no scaling av_slideshow avia-slide-slider  avia-builder-el-1  avia-builder-el-no-sibling  av-slideshow-ui av-control-default av-slideshow-manual av-loop-once av-loop-manual-endless av-default-height-applied avia-slideshow-1' data-slideshow-options=\"{&quot;animation&quot;:&quot;slide&quot;,&quot;autoplay&quot;:false,&quot;loop_autoplay&quot;:&quot;once&quot;,&quot;interval&quot;:5,&quot;loop_manual&quot;:&quot;manual-endless&quot;,&quot;autoplay_stopper&quot;:false,&quot;noNavigation&quot;:false,&quot;bg_slider&quot;:false,&quot;keep_padding&quot;:false,&quot;hoverpause&quot;:false,&quot;show_slide_delay&quot;:0}\"  itemprop=\"image\" itemscope=\"itemscope\" itemtype=\"https:\/\/schema.org\/ImageObject\" ><ul class='avia-slideshow-inner ' style='padding-bottom: 47.75%;'><li  class='avia-slideshow-slide av-1kckl-f63c659234b6db01ed93490adf3df5b6__0  av-single-slide slide-1 slide-odd'><div data-rel='slideshow-1' class='avia-slide-wrap '   ><div class='av-slideshow-caption av-1kckl-f63c659234b6db01ed93490adf3df5b6__0 avia-caption'><div class=\"avia-inner-caption\"><h2 class='avia-caption-title '  itemprop=\"name\" >Qui sommes-nous ?<\/h2><\/div><\/div><img decoding=\"async\" fetchpriority=\"high\" class=\"wp-image-1968 avia-img-lazy-loading-not-1968\"  src=\"https:\/\/ralph-theissen.be\/wp-content\/uploads\/2021\/12\/THEISSEN-WEB-ueber-uns-meldung-1.jpg\" width=\"2000\" height=\"955\" title='THEISSEN-WEB-SLIDER-ueber-uns' alt=''  itemprop=\"thumbnailUrl\"   \/><\/div><\/li><\/ul><\/div><\/div>\n\n<style type=\"text\/css\" data-created_by=\"avia_inline_auto\" id=\"style-css-av-9ih-666d46482b8ecba0890fec787d491402\">\n.flex_column.av-9ih-666d46482b8ecba0890fec787d491402{\nborder-radius:0px 0px 0px 0px;\npadding:0px 0px 0px 0px;\n}\n<\/style>\n<div  class='flex_column av-9ih-666d46482b8ecba0890fec787d491402 av_one_full  avia-builder-el-2  el_after_av_one_full  el_before_av_one_half  first flex_column_div av-zero-column-padding  column-top-margin'     ><p><section  class='av_textblock_section av-kj05xhh6-0ecf1aea5f7df081624febc824718cee '   itemscope=\"itemscope\" itemtype=\"https:\/\/schema.org\/CreativeWork\" ><div class='avia_textblock'  itemprop=\"text\" ><p>L&rsquo;\u00eatre humain est au centre de notre attention. Le traitement respectif est adapt\u00e9 \u00e0 l&rsquo;\u00e9tat anatomique du patient. Sa vision holistique constitue la base du meilleur traitement individuel possible. Cela signifie que notre objectif est de maintenir, d&rsquo;am\u00e9liorer ou m\u00eame de restaurer la capacit\u00e9 de la personne \u00e0 fonctionner et \u00e0 se d\u00e9placer.<\/p>\n<p>Ralph Theissen et ses coll\u00e8gues exp\u00e9riment\u00e9es Sarah Gennen et Hannah Rauschen sont vos interlocuteurs de confiance dans notre cabinet.<\/p>\n<\/div><\/section><br \/>\n\n<style type=\"text\/css\" data-created_by=\"avia_inline_auto\" id=\"style-css-av-kj02fsey-7947dc6dc637ac2b04a43cf327b94834\">\n#top .hr.hr-invisible.av-kj02fsey-7947dc6dc637ac2b04a43cf327b94834{\nheight:50px;\n}\n<\/style>\n<div  class='hr av-kj02fsey-7947dc6dc637ac2b04a43cf327b94834 hr-invisible  avia-builder-el-4  el_after_av_textblock  avia-builder-el-last '><span class='hr-inner '><span class=\"hr-inner-style\"><\/span><\/span><\/div><\/p><\/div>\n<style type=\"text\/css\" data-created_by=\"avia_inline_auto\" id=\"style-css-av-9ih-16-78454728ffc88c3040f4d527716f62ba\">\n#top .flex_column.av-9ih-16-78454728ffc88c3040f4d527716f62ba{\nmargin-top:0px;\nmargin-bottom:0px;\n}\n.flex_column.av-9ih-16-78454728ffc88c3040f4d527716f62ba{\nborder-radius:0px 0px 0px 0px;\npadding:0px 20px 0px 0px;\n}\n.responsive #top #wrap_all .flex_column.av-9ih-16-78454728ffc88c3040f4d527716f62ba{\nmargin-top:0px;\nmargin-bottom:0px;\n}\n<\/style>\n<div  class='flex_column av-9ih-16-78454728ffc88c3040f4d527716f62ba av_one_half  avia-builder-el-5  el_after_av_one_full  el_before_av_one_half  first no_margin flex_column_div  column-top-margin'     ><style type=\"text\/css\" data-created_by=\"avia_inline_auto\" id=\"style-css-av-kj05vhdl-05129157a801083b34c6d0c1142b8350\">\n.avia-image-container.av-kj05vhdl-05129157a801083b34c6d0c1142b8350 img.avia_image{\nbox-shadow:none;\n}\n.avia-image-container.av-kj05vhdl-05129157a801083b34c6d0c1142b8350 .av-image-caption-overlay-center{\ncolor:#ffffff;\n}\n<\/style>\n<div  class='avia-image-container av-kj05vhdl-05129157a801083b34c6d0c1142b8350 av-styling-no-styling av-hover-grow av-hide-overflow avia-align-center  avia-builder-el-6  avia-builder-el-no-sibling '   itemprop=\"image\" itemscope=\"itemscope\" itemtype=\"https:\/\/schema.org\/ImageObject\" ><div class=\"avia-image-container-inner\"><div class=\"avia-image-overlay-wrap\"><img decoding=\"async\" fetchpriority=\"high\" class='wp-image-1951 avia-img-lazy-loading-not-1951 avia_image ' src=\"https:\/\/ralph-theissen.be\/wp-content\/uploads\/2021\/02\/THEISSENralph_uber_1.jpg\" alt='' title=''  height=\"501\" width=\"1000\"  itemprop=\"thumbnailUrl\" srcset=\"https:\/\/ralph-theissen.be\/wp-content\/uploads\/2021\/02\/THEISSENralph_uber_1.jpg 1000w, https:\/\/ralph-theissen.be\/wp-content\/uploads\/2021\/02\/THEISSENralph_uber_1-300x150.jpg 300w, https:\/\/ralph-theissen.be\/wp-content\/uploads\/2021\/02\/THEISSENralph_uber_1-768x385.jpg 768w, https:\/\/ralph-theissen.be\/wp-content\/uploads\/2021\/02\/THEISSENralph_uber_1-705x353.jpg 705w\" sizes=\"(max-width: 1000px) 100vw, 1000px\" \/><\/div><\/div><\/div><\/div><\/p>\n\n<style type=\"text\/css\" data-created_by=\"avia_inline_auto\" id=\"style-css-av-9ih-14-0c1734fedf430877904c83ebdfe3173e\">\n#top .flex_column.av-9ih-14-0c1734fedf430877904c83ebdfe3173e{\nmargin-top:0px;\nmargin-bottom:0px;\n}\n.flex_column.av-9ih-14-0c1734fedf430877904c83ebdfe3173e{\nborder-radius:0px 0px 0px 0px;\npadding:0px 0px 0px 0px;\n}\n.responsive #top #wrap_all .flex_column.av-9ih-14-0c1734fedf430877904c83ebdfe3173e{\nmargin-top:0px;\nmargin-bottom:0px;\n}\n<\/style>\n<div  class='flex_column av-9ih-14-0c1734fedf430877904c83ebdfe3173e av_one_half  avia-builder-el-7  el_after_av_one_half  el_before_av_hr  no_margin flex_column_div av-zero-column-padding  column-top-margin'     ><p>\n<style type=\"text\/css\" data-created_by=\"avia_inline_auto\" id=\"style-css-av-14tr0-d1d90d006b5950ac1cdba780a5be9bdd\">\n#top .av-special-heading.av-14tr0-d1d90d006b5950ac1cdba780a5be9bdd{\npadding-bottom:10px;\n}\nbody .av-special-heading.av-14tr0-d1d90d006b5950ac1cdba780a5be9bdd .av-special-heading-tag .heading-char{\nfont-size:25px;\n}\n.av-special-heading.av-14tr0-d1d90d006b5950ac1cdba780a5be9bdd .av-subheading{\nfont-size:15px;\n}\n<\/style>\n<div  class='av-special-heading av-14tr0-d1d90d006b5950ac1cdba780a5be9bdd av-special-heading-h3  avia-builder-el-8  el_before_av_hr  avia-builder-el-first '><h3 class='av-special-heading-tag '  itemprop=\"headline\"  >Nos atouts<\/h3><div class=\"special-heading-border\"><div class=\"special-heading-inner-border\"><\/div><\/div><\/div><br \/>\n\n<style type=\"text\/css\" data-created_by=\"avia_inline_auto\" id=\"style-css-av-kj02fsey-15-0388fdee2930b2b135f72b66866647e9\">\n#top .hr.hr-invisible.av-kj02fsey-15-0388fdee2930b2b135f72b66866647e9{\nheight:10px;\n}\n<\/style>\n<div  class='hr av-kj02fsey-15-0388fdee2930b2b135f72b66866647e9 hr-invisible  avia-builder-el-9  el_after_av_heading  el_before_av_textblock '><span class='hr-inner '><span class=\"hr-inner-style\"><\/span><\/span><\/div><br \/>\n<section  class='av_textblock_section av-kj05y76o-7057f1817ef371683b6ef27d003f4744 '   itemscope=\"itemscope\" itemtype=\"https:\/\/schema.org\/CreativeWork\" ><div class='avia_textblock'  itemprop=\"text\" ><p>Dans nos salles de soins modernes (avec acc\u00e8s sans obstacle et parking pratique), une \u00e9quipe de th\u00e9rapeutes ayant une formation et une exp\u00e9rience sp\u00e9cialis\u00e9es est \u00e0 votre disposition. Nous assurons un haut niveau de qualit\u00e9 dans la prise en charge des patients et garantissons une prise en charge comp\u00e9tente et individuelle, si vous le souhaitez \u00e9galement \u00e0 votre domicile.<\/p>\n<\/div><\/section><br \/>\n<div  class='avia-button-wrap av-kj0zxsns-0a48355c90bf59fe9bd3bedadebf3b3e-wrap avia-button-left  avia-builder-el-11  el_after_av_textblock  avia-builder-el-last '>\n<style type=\"text\/css\" data-created_by=\"avia_inline_auto\" id=\"style-css-av-kj0zxsns-0a48355c90bf59fe9bd3bedadebf3b3e\">\n#top #wrap_all .avia-button.av-kj0zxsns-0a48355c90bf59fe9bd3bedadebf3b3e{\nbackground-color:#eed89f;\nborder-color:#eed89f;\ncolor:#ffffff;\ntransition:all 0.4s ease-in-out;\n}\n#top #wrap_all .avia-button.av-kj0zxsns-0a48355c90bf59fe9bd3bedadebf3b3e:hover{\nbackground-color:#f9b333;\ncolor:#ffffff;\ntransition:all 0.4s ease-in-out;\n}\n#top #wrap_all .avia-button.av-kj0zxsns-0a48355c90bf59fe9bd3bedadebf3b3e .avia-svg-icon svg:first-child{\nfill:#ffffff;\nstroke:#ffffff;\n}\n#top #wrap_all .avia-button.av-kj0zxsns-0a48355c90bf59fe9bd3bedadebf3b3e:hover .avia-svg-icon svg:first-child{\nfill:#ffffff;\nstroke:#ffffff;\n}\n<\/style>\n<a href='https:\/\/ralph-theissen.be\/fr\/qui-sommes-nous\/nos-atouts\/'  class='avia-button av-kj0zxsns-0a48355c90bf59fe9bd3bedadebf3b3e av-link-btn avia-icon_select-yes-right-icon avia-size-small avia-position-left'   aria-label=\"plus\"><span class='avia_iconbox_title' >plus<\/span><span class='avia_button_icon avia_button_icon_right avia-iconfont avia-font-entypo-fontello' data-av_icon='\ue875' data-av_iconfont='entypo-fontello' ><\/span><\/a><\/div><\/p><\/div>\n<style type=\"text\/css\" data-created_by=\"avia_inline_auto\" id=\"style-css-av-kj02fsey-11-22155fdd5d2dda8e4f0d397933d5e434\">\n#top .hr.hr-invisible.av-kj02fsey-11-22155fdd5d2dda8e4f0d397933d5e434{\nheight:20px;\n}\n<\/style>\n<div  class='hr av-kj02fsey-11-22155fdd5d2dda8e4f0d397933d5e434 hr-invisible  avia-builder-el-12  el_after_av_one_half  el_before_av_one_half '><span class='hr-inner '><span class=\"hr-inner-style\"><\/span><\/span><\/div><\/p>\n\n<style type=\"text\/css\" data-created_by=\"avia_inline_auto\" id=\"style-css-av-9ih-12-854f744a188a6fd306f1be6cb57262b7\">\n#top .flex_column.av-9ih-12-854f744a188a6fd306f1be6cb57262b7{\nmargin-top:0px;\nmargin-bottom:0px;\n}\n.flex_column.av-9ih-12-854f744a188a6fd306f1be6cb57262b7{\nborder-radius:0px 0px 0px 0px;\npadding:0px 20px 0px 0px;\n}\n.responsive #top #wrap_all .flex_column.av-9ih-12-854f744a188a6fd306f1be6cb57262b7{\nmargin-top:0px;\nmargin-bottom:0px;\n}\n<\/style>\n<div  class='flex_column av-9ih-12-854f744a188a6fd306f1be6cb57262b7 av_one_half  avia-builder-el-13  el_after_av_hr  el_before_av_one_half  first no_margin flex_column_div  '     ><style type=\"text\/css\" data-created_by=\"avia_inline_auto\" id=\"style-css-av-kj05vhdl-13-545ee192b8fcf910f2680d4e8ac0f359\">\n.avia-image-container.av-kj05vhdl-13-545ee192b8fcf910f2680d4e8ac0f359 img.avia_image{\nbox-shadow:none;\n}\n.avia-image-container.av-kj05vhdl-13-545ee192b8fcf910f2680d4e8ac0f359 .av-image-caption-overlay-center{\ncolor:#ffffff;\n}\n<\/style>\n<div  class='avia-image-container av-kj05vhdl-13-545ee192b8fcf910f2680d4e8ac0f359 av-styling-no-styling av-hover-grow av-hide-overflow avia-align-center  avia-builder-el-14  avia-builder-el-no-sibling '   itemprop=\"image\" itemscope=\"itemscope\" itemtype=\"https:\/\/schema.org\/ImageObject\" ><div class=\"avia-image-container-inner\"><div class=\"avia-image-overlay-wrap\"><img decoding=\"async\" fetchpriority=\"high\" class='wp-image-1950 avia-img-lazy-loading-not-1950 avia_image ' src=\"https:\/\/ralph-theissen.be\/wp-content\/uploads\/2021\/02\/THEISSENralph_uber_2.jpg\" alt='' title=''  height=\"501\" width=\"1000\"  itemprop=\"thumbnailUrl\" srcset=\"https:\/\/ralph-theissen.be\/wp-content\/uploads\/2021\/02\/THEISSENralph_uber_2.jpg 1000w, https:\/\/ralph-theissen.be\/wp-content\/uploads\/2021\/02\/THEISSENralph_uber_2-300x150.jpg 300w, https:\/\/ralph-theissen.be\/wp-content\/uploads\/2021\/02\/THEISSENralph_uber_2-768x385.jpg 768w, https:\/\/ralph-theissen.be\/wp-content\/uploads\/2021\/02\/THEISSENralph_uber_2-705x353.jpg 705w\" sizes=\"(max-width: 1000px) 100vw, 1000px\" \/><\/div><\/div><\/div><\/div>\n\n<style type=\"text\/css\" data-created_by=\"avia_inline_auto\" id=\"style-css-av-9ih-7-807136faaf95b35c459c82f92b3a1ea3\">\n#top .flex_column.av-9ih-7-807136faaf95b35c459c82f92b3a1ea3{\nmargin-top:0px;\nmargin-bottom:0px;\n}\n.flex_column.av-9ih-7-807136faaf95b35c459c82f92b3a1ea3{\nborder-radius:0px 0px 0px 0px;\npadding:0px 0px 0px 0px;\n}\n.responsive #top #wrap_all .flex_column.av-9ih-7-807136faaf95b35c459c82f92b3a1ea3{\nmargin-top:0px;\nmargin-bottom:0px;\n}\n<\/style>\n<div  class='flex_column av-9ih-7-807136faaf95b35c459c82f92b3a1ea3 av_one_half  avia-builder-el-15  el_after_av_one_half  el_before_av_hr  no_margin flex_column_div av-zero-column-padding  '     ><p>\n<style type=\"text\/css\" data-created_by=\"avia_inline_auto\" id=\"style-css-av-1q33s-1348648e44c923f896029b7e77c97b5c\">\n#top .av-special-heading.av-1q33s-1348648e44c923f896029b7e77c97b5c{\npadding-bottom:10px;\n}\nbody .av-special-heading.av-1q33s-1348648e44c923f896029b7e77c97b5c .av-special-heading-tag .heading-char{\nfont-size:25px;\n}\n.av-special-heading.av-1q33s-1348648e44c923f896029b7e77c97b5c .av-subheading{\nfont-size:15px;\n}\n<\/style>\n<div  class='av-special-heading av-1q33s-1348648e44c923f896029b7e77c97b5c av-special-heading-h3  avia-builder-el-16  el_before_av_hr  avia-builder-el-first '><h3 class='av-special-heading-tag '  itemprop=\"headline\"  >Notre philosophie<\/h3><div class=\"special-heading-border\"><div class=\"special-heading-inner-border\"><\/div><\/div><\/div><br \/>\n\n<style type=\"text\/css\" data-created_by=\"avia_inline_auto\" id=\"style-css-av-kj02fsey-8-68286d3663566895397c6e11541708fd\">\n#top .hr.hr-invisible.av-kj02fsey-8-68286d3663566895397c6e11541708fd{\nheight:10px;\n}\n<\/style>\n<div  class='hr av-kj02fsey-8-68286d3663566895397c6e11541708fd hr-invisible  avia-builder-el-17  el_after_av_heading  el_before_av_textblock '><span class='hr-inner '><span class=\"hr-inner-style\"><\/span><\/span><\/div><br \/>\n<section  class='av_textblock_section av-kj05y76o-10-285d1c00079a7be2a4e029a52a29536c '   itemscope=\"itemscope\" itemtype=\"https:\/\/schema.org\/CreativeWork\" ><div class='avia_textblock'  itemprop=\"text\" ><p>Le corps humain a besoin d&rsquo;\u00eatre en mouvement pour rester en bonne sant\u00e9.<br \/>\nSi vous \u00eates limit\u00e9 dans votre capacit\u00e9 de performance apr\u00e8s un accident ou une maladie, nous vous aiderons en vous remettant doucement dans la meilleure position physique possible. Le r\u00e9sultat d\u00e9pend de l&rsquo;\u00e9tendue de votre limitation. C&rsquo;est pourquoi notre cabinet, avec son personnel sp\u00e9cialis\u00e9 et, surtout, son contact direct et personnel, vous offre un environnement id\u00e9al pour am\u00e9liorer votre situation. Vous connaissez votre th\u00e9rapeute et votre th\u00e9rapeute vous conna\u00eet !<\/p>\n<\/div><\/section><\/p><\/div>\n\n<style type=\"text\/css\" data-created_by=\"avia_inline_auto\" id=\"style-css-av-kj02fsey-4-79facc751954a63a13b1f6f5da756161\">\n#top .hr.hr-invisible.av-kj02fsey-4-79facc751954a63a13b1f6f5da756161{\nheight:20px;\n}\n<\/style>\n<div  class='hr av-kj02fsey-4-79facc751954a63a13b1f6f5da756161 hr-invisible  avia-builder-el-19  el_after_av_one_half  el_before_av_one_half '><span class='hr-inner '><span class=\"hr-inner-style\"><\/span><\/span><\/div>\n\n<style type=\"text\/css\" data-created_by=\"avia_inline_auto\" id=\"style-css-av-9ih-5-99ed0075ad1421da2ec4e4f0f953c689\">\n#top .flex_column.av-9ih-5-99ed0075ad1421da2ec4e4f0f953c689{\nmargin-top:0px;\nmargin-bottom:0px;\n}\n.flex_column.av-9ih-5-99ed0075ad1421da2ec4e4f0f953c689{\nborder-radius:0px 0px 0px 0px;\npadding:0px 20px 0px 0px;\n}\n.responsive #top #wrap_all .flex_column.av-9ih-5-99ed0075ad1421da2ec4e4f0f953c689{\nmargin-top:0px;\nmargin-bottom:0px;\n}\n<\/style>\n<div  class='flex_column av-9ih-5-99ed0075ad1421da2ec4e4f0f953c689 av_one_half  avia-builder-el-20  el_after_av_hr  el_before_av_one_half  first no_margin flex_column_div  '     ><style type=\"text\/css\" data-created_by=\"avia_inline_auto\" id=\"style-css-av-kj05vhdl-6-47d938b3b884113446c857fee4c64466\">\n.avia-image-container.av-kj05vhdl-6-47d938b3b884113446c857fee4c64466 img.avia_image{\nbox-shadow:none;\n}\n.avia-image-container.av-kj05vhdl-6-47d938b3b884113446c857fee4c64466 .av-image-caption-overlay-center{\ncolor:#ffffff;\n}\n<\/style>\n<div  class='avia-image-container av-kj05vhdl-6-47d938b3b884113446c857fee4c64466 av-styling-no-styling av-hover-grow av-hide-overflow avia-align-center  avia-builder-el-21  avia-builder-el-no-sibling '   itemprop=\"image\" itemscope=\"itemscope\" itemtype=\"https:\/\/schema.org\/ImageObject\" ><div class=\"avia-image-container-inner\"><div class=\"avia-image-overlay-wrap\"><img decoding=\"async\" fetchpriority=\"high\" class='wp-image- avia-img-lazy-loading-not- avia_image ' src=\"https:\/\/ralph-theissen.be\/wp-content\/uploads\/2021\/12\/THEISSEN-WEB-ueber-uns-meldung.jpg\" alt='' title=''   itemprop=\"thumbnailUrl\"  \/><\/div><\/div><\/div><\/div>\n\n<style type=\"text\/css\" data-created_by=\"avia_inline_auto\" id=\"style-css-av-9ih-1-e727444bdb9a0dd32b013507c94d8da3\">\n#top .flex_column.av-9ih-1-e727444bdb9a0dd32b013507c94d8da3{\nmargin-top:0px;\nmargin-bottom:0px;\n}\n.flex_column.av-9ih-1-e727444bdb9a0dd32b013507c94d8da3{\nborder-radius:0px 0px 0px 0px;\npadding:0px 0px 0px 0px;\n}\n.responsive #top #wrap_all .flex_column.av-9ih-1-e727444bdb9a0dd32b013507c94d8da3{\nmargin-top:0px;\nmargin-bottom:0px;\n}\n<\/style>\n<div  class='flex_column av-9ih-1-e727444bdb9a0dd32b013507c94d8da3 av_one_half  avia-builder-el-22  el_after_av_one_half  el_before_av_one_full  no_margin flex_column_div av-zero-column-padding  '     ><p>\n<style type=\"text\/css\" data-created_by=\"avia_inline_auto\" id=\"style-css-av-ucwc-112d1f7396f49596f934c75fa0913a68\">\n#top .av-special-heading.av-ucwc-112d1f7396f49596f934c75fa0913a68{\npadding-bottom:10px;\n}\nbody .av-special-heading.av-ucwc-112d1f7396f49596f934c75fa0913a68 .av-special-heading-tag .heading-char{\nfont-size:25px;\n}\n.av-special-heading.av-ucwc-112d1f7396f49596f934c75fa0913a68 .av-subheading{\nfont-size:15px;\n}\n<\/style>\n<div  class='av-special-heading av-ucwc-112d1f7396f49596f934c75fa0913a68 av-special-heading-h3  avia-builder-el-23  el_before_av_hr  avia-builder-el-first '><h3 class='av-special-heading-tag '  itemprop=\"headline\"  >Une \u00e9quipe de professionnels<\/h3><div class=\"special-heading-border\"><div class=\"special-heading-inner-border\"><\/div><\/div><\/div><br \/>\n\n<style type=\"text\/css\" data-created_by=\"avia_inline_auto\" id=\"style-css-av-kj02fsey-2-6e7df2691ccc0b8c4fad28040ae46741\">\n#top .hr.hr-invisible.av-kj02fsey-2-6e7df2691ccc0b8c4fad28040ae46741{\nheight:10px;\n}\n<\/style>\n<div  class='hr av-kj02fsey-2-6e7df2691ccc0b8c4fad28040ae46741 hr-invisible  avia-builder-el-24  el_after_av_heading  el_before_av_textblock '><span class='hr-inner '><span class=\"hr-inner-style\"><\/span><\/span><\/div><br \/>\n<section  class='av_textblock_section av-kj05y76o-3-fa29349b8c50c54064f119257b3fa19e '   itemscope=\"itemscope\" itemtype=\"https:\/\/schema.org\/CreativeWork\" ><div class='avia_textblock'  itemprop=\"text\" ><p>L&rsquo;ost\u00e9opathe et kin\u00e9sith\u00e9rapeute Ralph Theissen a fond\u00e9 son cabinet \u00e0 Rodt, pr\u00e8s de St. Vith, en 2007. Il a b\u00e9n\u00e9fici\u00e9 d&rsquo;un renforcement significatif gr\u00e2ce \u00e0 la collaboration de ses kin\u00e9sith\u00e9rapeutes Sarah Gennen (depuis 2020) et Hannah Rauschen (depuis 2021).<\/p>\n<\/div><\/section><br \/>\n<div  class='avia-button-wrap av-kj0zxsns-9-fe6db001fbe15e971ccc13328a061d1b-wrap avia-button-left  avia-builder-el-26  el_after_av_textblock  avia-builder-el-last '>\n<style type=\"text\/css\" data-created_by=\"avia_inline_auto\" id=\"style-css-av-kj0zxsns-9-fe6db001fbe15e971ccc13328a061d1b\">\n#top #wrap_all .avia-button.av-kj0zxsns-9-fe6db001fbe15e971ccc13328a061d1b{\nbackground-color:#eed89f;\nborder-color:#eed89f;\ncolor:#ffffff;\ntransition:all 0.4s ease-in-out;\n}\n#top #wrap_all .avia-button.av-kj0zxsns-9-fe6db001fbe15e971ccc13328a061d1b:hover{\nbackground-color:#f9b333;\ncolor:#ffffff;\ntransition:all 0.4s ease-in-out;\n}\n#top #wrap_all .avia-button.av-kj0zxsns-9-fe6db001fbe15e971ccc13328a061d1b .avia-svg-icon svg:first-child{\nfill:#ffffff;\nstroke:#ffffff;\n}\n#top #wrap_all .avia-button.av-kj0zxsns-9-fe6db001fbe15e971ccc13328a061d1b:hover .avia-svg-icon svg:first-child{\nfill:#ffffff;\nstroke:#ffffff;\n}\n<\/style>\n<a href='https:\/\/ralph-theissen.be\/fr\/qui-sommes-nous\/notre-equipe\/'  class='avia-button av-kj0zxsns-9-fe6db001fbe15e971ccc13328a061d1b av-link-btn avia-icon_select-yes-right-icon avia-size-small avia-position-left'   aria-label=\"plus\"><span class='avia_iconbox_title' >plus<\/span><span class='avia_button_icon avia_button_icon_right avia-iconfont avia-font-entypo-fontello' data-av_icon='\ue875' data-av_iconfont='entypo-fontello' ><\/span><\/a><\/div><\/p><\/div>\n\n<style type=\"text\/css\" data-created_by=\"avia_inline_auto\" id=\"style-css-av-2fyk-d0ef0b90d9562a2507ad3c5a78dea7d7\">\n.flex_column.av-2fyk-d0ef0b90d9562a2507ad3c5a78dea7d7{\nborder-radius:0px 0px 0px 0px;\npadding:0px 0px 0px 0px;\n}\n<\/style>\n<div  class='flex_column av-2fyk-d0ef0b90d9562a2507ad3c5a78dea7d7 av_one_full  avia-builder-el-27  el_after_av_one_half  avia-builder-el-last  first flex_column_div av-zero-column-padding  column-top-margin'     ><p><div  class='avia-button-wrap av-kjwnyn9j-d31d09720e3913dbbc9c73eb20bb1ed7-wrap avia-button-right  avia-builder-el-28  el_before_av_hr  avia-builder-el-first '>\n<style type=\"text\/css\" data-created_by=\"avia_inline_auto\" id=\"style-css-av-kjwnyn9j-d31d09720e3913dbbc9c73eb20bb1ed7\">\n#top #wrap_all .avia-button.av-kjwnyn9j-d31d09720e3913dbbc9c73eb20bb1ed7{\nbackground-color:#dadada;\nborder-color:#dadada;\ntransition:all 0.4s ease-in-out;\n}\n#top #wrap_all .avia-button.av-kjwnyn9j-d31d09720e3913dbbc9c73eb20bb1ed7:hover{\nbackground-color:#b2b2b2;\ncolor:#ffffff;\ntransition:all 0.4s ease-in-out;\n}\n#top #wrap_all .avia-button.av-kjwnyn9j-d31d09720e3913dbbc9c73eb20bb1ed7:hover .avia-svg-icon svg:first-child{\nfill:#ffffff;\nstroke:#ffffff;\n}\n<\/style>\n<a href='https:\/\/ralph-theissen.be\/fr\/'  class='avia-button av-kjwnyn9j-d31d09720e3913dbbc9c73eb20bb1ed7 av-link-btn avia-icon_select-yes-left-icon avia-size-small avia-position-right avia-font-color-theme-color'   aria-label=\"retour\"><span class='avia_button_icon avia_button_icon_left avia-iconfont avia-font-entypo-fontello' data-av_icon='\ue874' data-av_iconfont='entypo-fontello' ><\/span><span class='avia_iconbox_title' >retour<\/span><\/a><\/div><br \/>\n\n<style type=\"text\/css\" data-created_by=\"avia_inline_auto\" id=\"style-css-av-kjy1ek6e-2803a68e06f7c365d3100fc19fe86044\">\n#top .hr.hr-invisible.av-kjy1ek6e-2803a68e06f7c365d3100fc19fe86044{\nheight:50px;\n}\n<\/style>\n<div  class='hr av-kjy1ek6e-2803a68e06f7c365d3100fc19fe86044 hr-invisible  avia-builder-el-29  el_after_av_button  avia-builder-el-last '><span class='hr-inner '><span class=\"hr-inner-style\"><\/span><\/span><\/div><\/p><\/div>\n","protected":false},"excerpt":{"rendered":"","protected":false},"author":2,"featured_media":0,"parent":0,"menu_order":4,"comment_status":"closed","ping_status":"closed","template":"","meta":{"footnotes":""},"class_list":["post-2028","page","type-page","status-publish","hentry"],"_links":{"self":[{"href":"https:\/\/ralph-theissen.be\/fr\/wp-json\/wp\/v2\/pages\/2028","targetHints":{"allow":["GET"]}}],"collection":[{"href":"https:\/\/ralph-theissen.be\/fr\/wp-json\/wp\/v2\/pages"}],"about":[{"href":"https:\/\/ralph-theissen.be\/fr\/wp-json\/wp\/v2\/types\/page"}],"author":[{"embeddable":true,"href":"https:\/\/ralph-theissen.be\/fr\/wp-json\/wp\/v2\/users\/2"}],"replies":[{"embeddable":true,"href":"https:\/\/ralph-theissen.be\/fr\/wp-json\/wp\/v2\/comments?post=2028"}],"version-history":[{"count":20,"href":"https:\/\/ralph-theissen.be\/fr\/wp-json\/wp\/v2\/pages\/2028\/revisions"}],"predecessor-version":[{"id":2316,"href":"https:\/\/ralph-theissen.be\/fr\/wp-json\/wp\/v2\/pages\/2028\/revisions\/2316"}],"wp:attachment":[{"href":"https:\/\/ralph-theissen.be\/fr\/wp-json\/wp\/v2\/media?parent=2028"}],"curies":[{"name":"wp","href":"https:\/\/api.w.org\/{rel}","templated":true}]}}