{"id":2024,"date":"2021-01-14T14:11:39","date_gmt":"2021-01-14T14:11:39","guid":{"rendered":"https:\/\/ralph-theissen.be\/kinesitherapie\/applications-physiques\/"},"modified":"2024-03-18T15:45:33","modified_gmt":"2024-03-18T15:45:33","slug":"applications-physiques","status":"publish","type":"page","link":"https:\/\/ralph-theissen.be\/fr\/kinesitherapie\/applications-physiques\/","title":{"rendered":"Applications physiques"},"content":{"rendered":"\n<style type=\"text\/css\" data-created_by=\"avia_inline_auto\" id=\"style-css-av-g6oxy-342fe96c44aa9d9e73592115793582e8\">\n.flex_column.av-g6oxy-342fe96c44aa9d9e73592115793582e8{\nborder-radius:0px 0px 0px 0px;\npadding:0px 0px 0px 0px;\n}\n<\/style>\n<div  class='flex_column av-g6oxy-342fe96c44aa9d9e73592115793582e8 av_one_full  avia-builder-el-0  el_before_av_one_full  avia-builder-el-first  first flex_column_div av-zero-column-padding  '     ><style type=\"text\/css\" data-created_by=\"avia_inline_auto\" id=\"style-css-av-kjww7p4d-16dfc3f038d357bf926af826d57cd2b3\">\n\n@media only screen and (min-width: 480px) and (max-width: 767px){ \n#top .avia-slideshow .av-slideshow-caption.av-kjww7p4d-16dfc3f038d357bf926af826d57cd2b3__0 .avia-caption-content{\ndisplay:none;\n}\n#top .avia-slideshow .av-slideshow-caption.av-kjww7p4d-16dfc3f038d357bf926af826d57cd2b3__0 .avia-caption-content p{\ndisplay:none;\n}\n}\n\n@media only screen and (max-width: 479px){ \n#top .avia-slideshow .av-slideshow-caption.av-kjww7p4d-16dfc3f038d357bf926af826d57cd2b3__0 .avia-caption-content{\ndisplay:none;\n}\n#top .avia-slideshow .av-slideshow-caption.av-kjww7p4d-16dfc3f038d357bf926af826d57cd2b3__0 .avia-caption-content p{\ndisplay:none;\n}\n}\n\n@media only screen and (min-width: 480px) and (max-width: 767px){ \n#top .avia-slideshow .av-slideshow-caption.av-kjww7p4d-16dfc3f038d357bf926af826d57cd2b3__1 .avia-caption-content{\ndisplay:none;\n}\n#top .avia-slideshow .av-slideshow-caption.av-kjww7p4d-16dfc3f038d357bf926af826d57cd2b3__1 .avia-caption-content p{\ndisplay:none;\n}\n}\n\n@media only screen and (max-width: 479px){ \n#top .avia-slideshow .av-slideshow-caption.av-kjww7p4d-16dfc3f038d357bf926af826d57cd2b3__1 .avia-caption-content{\ndisplay:none;\n}\n#top .avia-slideshow .av-slideshow-caption.av-kjww7p4d-16dfc3f038d357bf926af826d57cd2b3__1 .avia-caption-content p{\ndisplay:none;\n}\n}\n<\/style>\n<div  class='avia-slideshow av-kjww7p4d-16dfc3f038d357bf926af826d57cd2b3 avia-slideshow-featured_large av_slideshow avia-slide-slider  avia-builder-el-1  avia-builder-el-no-sibling  av-slideshow-ui av-control-default av-slideshow-autoplay av-loop-endless av-loop-manual-endless av-default-height-applied avia-slideshow-1' data-slideshow-options=\"{&quot;animation&quot;:&quot;slide&quot;,&quot;autoplay&quot;:true,&quot;loop_autoplay&quot;:&quot;endless&quot;,&quot;interval&quot;:5,&quot;loop_manual&quot;:&quot;manual-endless&quot;,&quot;autoplay_stopper&quot;:false,&quot;noNavigation&quot;:false,&quot;bg_slider&quot;:false,&quot;keep_padding&quot;:false,&quot;hoverpause&quot;:false,&quot;show_slide_delay&quot;:0}\"  itemprop=\"image\" itemscope=\"itemscope\" itemtype=\"https:\/\/schema.org\/ImageObject\" ><ul class='avia-slideshow-inner ' style='padding-bottom: 42%;'><li  class='avia-slideshow-slide av-kjww7p4d-16dfc3f038d357bf926af826d57cd2b3__0  slide-1 slide-odd'><div data-rel='slideshow-1' class='avia-slide-wrap '   ><div class='av-slideshow-caption av-kjww7p4d-16dfc3f038d357bf926af826d57cd2b3__0 avia-caption'><div class=\"avia-inner-caption\"><div class='avia-caption-content '  itemprop=\"description\" ><p>La mobilisation opportune des articulations et de leurs tissus conjonctifs et de soutien pr\u00e9sente un r\u00e9el avantage pour le processus de gu\u00e9rison.<\/p>\n<\/div><\/div><\/div><img decoding=\"async\" fetchpriority=\"high\" class=\"wp-image-1941 avia-img-lazy-loading-not-1941\"  src=\"https:\/\/ralph-theissen.be\/wp-content\/uploads\/2021\/02\/THEISSENralph_kine_folge_5-1500x630.jpg\" width=\"1500\" height=\"630\" title='' alt=''  itemprop=\"thumbnailUrl\"   \/><\/div><\/li><li  class='avia-slideshow-slide av-kjww7p4d-16dfc3f038d357bf926af826d57cd2b3__1  slide-2 slide-even'><div data-rel='slideshow-1' class='avia-slide-wrap '   ><div class='av-slideshow-caption av-kjww7p4d-16dfc3f038d357bf926af826d57cd2b3__1 avia-caption'><div class=\"avia-inner-caption\"><div class='avia-caption-content '  itemprop=\"description\" ><p>Les muscles fonctionnent comme des centrales \u00e9lectriques dans notre corps<\/p>\n<\/div><\/div><\/div><img decoding=\"async\" fetchpriority=\"high\" class=\"wp-image-1940 avia-img-lazy-loading-not-1940\"  src=\"https:\/\/ralph-theissen.be\/wp-content\/uploads\/2021\/02\/THEISSENralph_kine_folge_6-1500x630.jpg\" width=\"1500\" height=\"630\" title='' alt=''  itemprop=\"thumbnailUrl\"   \/><\/div><\/li><\/ul><div class='avia-slideshow-arrows avia-slideshow-controls' ><a href='#prev' class='prev-slide  avia-svg-icon avia-font-svg_entypo-fontello' data-av_svg_icon='left-open-big' data-av_iconset='svg_entypo-fontello' tabindex='-1' title=\"Pr\u00e9c\u00e9dent\"><svg version=\"1.1\" xmlns=\"http:\/\/www.w3.org\/2000\/svg\" width=\"15\" height=\"32\" viewBox=\"0 0 15 32\" preserveAspectRatio=\"xMidYMid meet\" aria-labelledby='av-svg-title-1' aria-describedby='av-svg-desc-1' role=\"graphics-symbol\" aria-hidden=\"true\">\n<title id='av-svg-title-1'>Pr\u00e9c\u00e9dent<\/title>\n<desc id='av-svg-desc-1'>Pr\u00e9c\u00e9dent<\/desc>\n<path d=\"M14.464 27.84q0.832 0.832 0 1.536-0.832 0.832-1.536 0l-12.544-12.608q-0.768-0.768 0-1.6l12.544-12.608q0.704-0.832 1.536 0 0.832 0.704 0 1.536l-11.456 11.904z\"><\/path>\n<\/svg><span class='avia_hidden_link_text'>Pr\u00e9c\u00e9dent<\/span><\/a><a href='#next' class='next-slide  avia-svg-icon avia-font-svg_entypo-fontello' data-av_svg_icon='right-open-big' data-av_iconset='svg_entypo-fontello' tabindex='-1' title=\"Suivant\"><svg version=\"1.1\" xmlns=\"http:\/\/www.w3.org\/2000\/svg\" width=\"15\" height=\"32\" viewBox=\"0 0 15 32\" preserveAspectRatio=\"xMidYMid meet\" aria-labelledby='av-svg-title-2' aria-describedby='av-svg-desc-2' role=\"graphics-symbol\" aria-hidden=\"true\">\n<title id='av-svg-title-2'>Suivant<\/title>\n<desc id='av-svg-desc-2'>Suivant<\/desc>\n<path d=\"M0.416 27.84l11.456-11.84-11.456-11.904q-0.832-0.832 0-1.536 0.832-0.832 1.536 0l12.544 12.608q0.768 0.832 0 1.6l-12.544 12.608q-0.704 0.832-1.536 0-0.832-0.704 0-1.536z\"><\/path>\n<\/svg><span class='avia_hidden_link_text'>Suivant<\/span><\/a><\/div><div class='avia-slideshow-dots avia-slideshow-controls'><a href='#1' class='goto-slide active' >1<\/a><a href='#2' class='goto-slide ' >2<\/a><\/div><\/div><\/div>\n<style type=\"text\/css\" data-created_by=\"avia_inline_auto\" id=\"style-css-av-9ih-666d46482b8ecba0890fec787d491402\">\n.flex_column.av-9ih-666d46482b8ecba0890fec787d491402{\nborder-radius:0px 0px 0px 0px;\npadding:0px 0px 0px 0px;\n}\n<\/style>\n<div  class='flex_column av-9ih-666d46482b8ecba0890fec787d491402 av_one_full  avia-builder-el-2  el_after_av_one_full  el_before_av_one_full  first flex_column_div av-zero-column-padding  column-top-margin'     ><p>\n<style type=\"text\/css\" data-created_by=\"avia_inline_auto\" id=\"style-css-av-7mfux-8c7833d82a153403c959c54f91ac859f\">\n#top .av-special-heading.av-7mfux-8c7833d82a153403c959c54f91ac859f{\npadding-bottom:10px;\n}\nbody .av-special-heading.av-7mfux-8c7833d82a153403c959c54f91ac859f .av-special-heading-tag .heading-char{\nfont-size:25px;\n}\n.av-special-heading.av-7mfux-8c7833d82a153403c959c54f91ac859f .av-subheading{\nfont-size:15px;\n}\n<\/style>\n<div  class='av-special-heading av-7mfux-8c7833d82a153403c959c54f91ac859f av-special-heading-h3  avia-builder-el-3  el_before_av_textblock  avia-builder-el-first '><h3 class='av-special-heading-tag '  itemprop=\"headline\"  >Applications physiques de la physioth\u00e9rapie<\/h3><div class=\"special-heading-border\"><div class=\"special-heading-inner-border\"><\/div><\/div><\/div><br \/>\n<section  class='av_textblock_section av-kj05xhh6-1d4766732537f591e956c63197135445 '   itemscope=\"itemscope\" itemtype=\"https:\/\/schema.org\/CreativeWork\" ><div class='avia_textblock'  itemprop=\"text\" ><p><strong>Th\u00e9rapie manuelle<br \/>\n<\/strong>Des manipulations et des techniques sp\u00e9ciales mobilisent les muscles et les articulations, favorisent la mobilit\u00e9 du patient et soulagent la douleur. L&rsquo;\u00e9tirement et l&rsquo;allongement des muscles sont ici au centre des pr\u00e9occupations.<\/p>\n<p><strong>Th\u00e9rapie myo-fasciale<br \/>\n<\/strong>Les muscles (myo) fonctionnent comme des centrales \u00e9lectriques dans notre corps. Les fascias sont des gaines de tissu conjonctif qui entourent tous les muscles, articulations, organes, tendons et m\u00eame les nerfs. Depuis que les fascias peuvent \u00eatre observ\u00e9s par \u00e9chographie \u00e0 haute r\u00e9solution, la recherche a pu faire des d\u00e9couvertes \u00e9tonnantes. Les fascias, par exemple, sont capables de se contracter ind\u00e9pendamment des muscles. Ils stockent l&rsquo;\u00e9nergie et organisent la transmission de la puissance des muscles.<br \/>\nLorsque des douleurs musculaires et une g\u00eane chronique limitent nos actions, on parle aussi de \u00ab\u00a0syndrome de douleur myo-fasciale\u00a0\u00bb. La performance musculaire est fortement influenc\u00e9e. Les traumatismes (blessures et surcharges mentales) en sont souvent la cause.<\/p>\n<p><strong>Techniques cranio-sacr\u00e9es<\/strong><\/p>\n<p>Le syst\u00e8me th\u00e9rapeutique comprend la structure mobile des os du cr\u00e2ne et du sacrum, qui sont reli\u00e9s par le liquide c\u00e9phalo-rachidien et les m\u00e9ninges. Les mouvements ultrafins \u00e0 l&rsquo;int\u00e9rieur du cr\u00e2ne sont transmis au sacrum et vice versa du sacrum au cr\u00e2ne.<br \/>\nLa technique consiste \u00e0 d\u00e9tecter les mouvements subtils des m\u00e9ninges et \u00e0 r\u00e9tablir le rythme propre du corps. Les irr\u00e9gularit\u00e9s dans les mouvements sont des indications indubitables de perturbations dans le corps. Les th\u00e9rapeutes peuvent utiliser cette technique pour soutenir la mobilit\u00e9 du sacrum, des os du cr\u00e2ne et d&rsquo;autres structures, d&rsquo;une mani\u00e8re extr\u00eamement douce, afin de retrouver leur mobilit\u00e9 naturelle.<\/p>\n<p><strong>Bande Kinesio<\/strong><\/p>\n<p>Ce n&rsquo;est pas l&rsquo;immobilisation des blessures, mais la mobilisation opportune des articulations et de leurs tissus conjonctifs et de soutien qui est r\u00e9ellement b\u00e9n\u00e9fique au processus de gu\u00e9rison. Un Kinesio-Tape est une sorte de sparadrap tr\u00e8s \u00e9lastique en tissu. Il sert de stabilisation en cas de blessures ou d&rsquo;inflammations des muscles, des ligaments ou des articulations sans restreindre la mobilit\u00e9.<\/p>\n<p><strong>\u00c9lectroth\u00e9rapie<\/strong><\/p>\n<p>Il existe de nombreux traitements d&rsquo;\u00e9lectroth\u00e9rapie, chacun ayant un objectif diff\u00e9rent : l&rsquo;objectif principal est de renforcer les muscles ou de soutenir les nerfs endommag\u00e9s.<br \/>\nL&rsquo;\u00e9lectroth\u00e9rapie est \u00e9galement utilis\u00e9e pour soulager les douleurs aigu\u00ebs ou chroniques, ainsi que pour am\u00e9liorer la circulation locale.<\/p>\n<p><strong>Ultrasonoth\u00e9rapie<\/strong><\/p>\n<p>Aux points de rencontre des tendons et des os, l&rsquo;utilisation d&rsquo;ondes sonores est appropri\u00e9e pour les douleurs articulaires aigu\u00ebs et chroniques. Les os r\u00e9fl\u00e9chissent ces ondes sonores plus fortement que les tissus environnants, ce qui g\u00e9n\u00e8re de la chaleur.<\/p>\n<p><em>Les affections suivantes sont trait\u00e9es par ultrasonoth\u00e9rapie :<\/em><\/p>\n<p>&#8211; les l\u00e9sions des ligaments, des tendons et des bourses s\u00e9reuses<br \/>\n&#8211; les maladies inflammatoires chroniques<br \/>\n&#8211; formation de la paroi osseuse<br \/>\n&#8211; arthroses superficielles<br \/>\n&#8211; maladies rhumatismales<br \/>\n&#8211; le ralentissement de la gu\u00e9rison osseuse apr\u00e8s une fracture<br \/>\n&#8211; l&rsquo;usure ou une charge incorrecte provoquent des douleurs chroniques des insertions tendineuses<br \/>\n&#8211; les l\u00e9sions des tissus mous dues \u00e0 des accidents<br \/>\n&#8211; syndrome de la colonne vert\u00e9brale<\/p>\n<p><strong>Th\u00e9rapie par la chaleur<\/strong><\/p>\n<p>Les patients trouvent g\u00e9n\u00e9ralement la th\u00e9rapie par la chaleur tr\u00e8s agr\u00e9able et revigorante, car elle permet avant tout de d\u00e9tendre les muscles et de stimuler le m\u00e9tabolisme du corps. Dans les tissus chauff\u00e9s, le transport de l&rsquo;oxyg\u00e8ne ainsi que l&rsquo;absorption des nutriments, la lib\u00e9ration des produits de d\u00e9composition et la d\u00e9fense immunitaire augmentent.<\/p>\n<\/div><\/section><\/p><\/div><\/p>\n\n<style type=\"text\/css\" data-created_by=\"avia_inline_auto\" id=\"style-css-av-9wtwp-e7aef80cc050f9a8974d077ad584ce51\">\n.flex_column.av-9wtwp-e7aef80cc050f9a8974d077ad584ce51{\nborder-radius:0px 0px 0px 0px;\npadding:0px 0px 0px 0px;\n}\n<\/style>\n<div  class='flex_column av-9wtwp-e7aef80cc050f9a8974d077ad584ce51 av_one_full  avia-builder-el-5  el_after_av_one_full  avia-builder-el-last  first flex_column_div av-zero-column-padding  column-top-margin'     ><p><div  class='avia-button-wrap av-kjwnyn9j-c610b6689441916bd1a6bf40a85db5e0-wrap avia-button-right  avia-builder-el-6  el_before_av_hr  avia-builder-el-first '>\n<style type=\"text\/css\" data-created_by=\"avia_inline_auto\" id=\"style-css-av-kjwnyn9j-c610b6689441916bd1a6bf40a85db5e0\">\n#top #wrap_all .avia-button.av-kjwnyn9j-c610b6689441916bd1a6bf40a85db5e0{\nbackground-color:#dadada;\nborder-color:#dadada;\ntransition:all 0.4s ease-in-out;\n}\n#top #wrap_all .avia-button.av-kjwnyn9j-c610b6689441916bd1a6bf40a85db5e0:hover{\nbackground-color:#b2b2b2;\ncolor:#ffffff;\ntransition:all 0.4s ease-in-out;\n}\n#top #wrap_all .avia-button.av-kjwnyn9j-c610b6689441916bd1a6bf40a85db5e0:hover .avia-svg-icon svg:first-child{\nfill:#ffffff;\nstroke:#ffffff;\n}\n<\/style>\n<a href='https:\/\/ralph-theissen.be\/fr\/kinesitherapie\/'  class='avia-button av-kjwnyn9j-c610b6689441916bd1a6bf40a85db5e0 av-link-btn avia-icon_select-yes-left-icon avia-size-small avia-position-right avia-font-color-theme-color'   aria-label=\"retour\"><span class='avia_button_icon avia_button_icon_left avia-iconfont avia-font-entypo-fontello' data-av_icon='\ue874' data-av_iconfont='entypo-fontello' ><\/span><span class='avia_iconbox_title' >retour<\/span><\/a><\/div><br \/>\n\n<style type=\"text\/css\" data-created_by=\"avia_inline_auto\" id=\"style-css-av-kjy1ek6e-2803a68e06f7c365d3100fc19fe86044\">\n#top .hr.hr-invisible.av-kjy1ek6e-2803a68e06f7c365d3100fc19fe86044{\nheight:50px;\n}\n<\/style>\n<div  class='hr av-kjy1ek6e-2803a68e06f7c365d3100fc19fe86044 hr-invisible  avia-builder-el-7  el_after_av_button  avia-builder-el-last '><span class='hr-inner '><span class=\"hr-inner-style\"><\/span><\/span><\/div><\/p><\/div>\n","protected":false},"excerpt":{"rendered":"","protected":false},"author":2,"featured_media":0,"parent":2017,"menu_order":3,"comment_status":"closed","ping_status":"closed","template":"","meta":{"footnotes":""},"class_list":["post-2024","page","type-page","status-publish","hentry"],"_links":{"self":[{"href":"https:\/\/ralph-theissen.be\/fr\/wp-json\/wp\/v2\/pages\/2024","targetHints":{"allow":["GET"]}}],"collection":[{"href":"https:\/\/ralph-theissen.be\/fr\/wp-json\/wp\/v2\/pages"}],"about":[{"href":"https:\/\/ralph-theissen.be\/fr\/wp-json\/wp\/v2\/types\/page"}],"author":[{"embeddable":true,"href":"https:\/\/ralph-theissen.be\/fr\/wp-json\/wp\/v2\/users\/2"}],"replies":[{"embeddable":true,"href":"https:\/\/ralph-theissen.be\/fr\/wp-json\/wp\/v2\/comments?post=2024"}],"version-history":[{"count":1,"href":"https:\/\/ralph-theissen.be\/fr\/wp-json\/wp\/v2\/pages\/2024\/revisions"}],"predecessor-version":[{"id":2025,"href":"https:\/\/ralph-theissen.be\/fr\/wp-json\/wp\/v2\/pages\/2024\/revisions\/2025"}],"up":[{"embeddable":true,"href":"https:\/\/ralph-theissen.be\/fr\/wp-json\/wp\/v2\/pages\/2017"}],"wp:attachment":[{"href":"https:\/\/ralph-theissen.be\/fr\/wp-json\/wp\/v2\/media?parent=2024"}],"curies":[{"name":"wp","href":"https:\/\/api.w.org\/{rel}","templated":true}]}}