{"id":2022,"date":"2021-01-14T14:09:12","date_gmt":"2021-01-14T14:09:12","guid":{"rendered":"https:\/\/ralph-theissen.be\/kinesitherapie\/la-massotherapie-classique\/"},"modified":"2024-03-18T15:37:26","modified_gmt":"2024-03-18T15:37:26","slug":"la-massotherapie-classique","status":"publish","type":"page","link":"https:\/\/ralph-theissen.be\/fr\/kinesitherapie\/la-massotherapie-classique\/","title":{"rendered":"La massoth\u00e9rapie classique"},"content":{"rendered":"\n<style type=\"text\/css\" data-created_by=\"avia_inline_auto\" id=\"style-css-av-g6oxy-342fe96c44aa9d9e73592115793582e8\">\n.flex_column.av-g6oxy-342fe96c44aa9d9e73592115793582e8{\nborder-radius:0px 0px 0px 0px;\npadding:0px 0px 0px 0px;\n}\n<\/style>\n<div  class='flex_column av-g6oxy-342fe96c44aa9d9e73592115793582e8 av_one_full  avia-builder-el-0  el_before_av_one_full  avia-builder-el-first  first flex_column_div av-zero-column-padding  '     ><style type=\"text\/css\" data-created_by=\"avia_inline_auto\" id=\"style-css-av-kjww7p4d-16dfc3f038d357bf926af826d57cd2b3\">\n\n@media only screen and (min-width: 480px) and (max-width: 767px){ \n#top .avia-slideshow .av-slideshow-caption.av-kjww7p4d-16dfc3f038d357bf926af826d57cd2b3__0 .avia-caption-content{\ndisplay:none;\n}\n#top .avia-slideshow .av-slideshow-caption.av-kjww7p4d-16dfc3f038d357bf926af826d57cd2b3__0 .avia-caption-content p{\ndisplay:none;\n}\n}\n\n@media only screen and (max-width: 479px){ \n#top .avia-slideshow .av-slideshow-caption.av-kjww7p4d-16dfc3f038d357bf926af826d57cd2b3__0 .avia-caption-content{\ndisplay:none;\n}\n#top .avia-slideshow .av-slideshow-caption.av-kjww7p4d-16dfc3f038d357bf926af826d57cd2b3__0 .avia-caption-content p{\ndisplay:none;\n}\n}\n\n@media only screen and (min-width: 480px) and (max-width: 767px){ \n#top .avia-slideshow .av-slideshow-caption.av-kjww7p4d-16dfc3f038d357bf926af826d57cd2b3__1 .avia-caption-content{\ndisplay:none;\n}\n#top .avia-slideshow .av-slideshow-caption.av-kjww7p4d-16dfc3f038d357bf926af826d57cd2b3__1 .avia-caption-content p{\ndisplay:none;\n}\n}\n\n@media only screen and (max-width: 479px){ \n#top .avia-slideshow .av-slideshow-caption.av-kjww7p4d-16dfc3f038d357bf926af826d57cd2b3__1 .avia-caption-content{\ndisplay:none;\n}\n#top .avia-slideshow .av-slideshow-caption.av-kjww7p4d-16dfc3f038d357bf926af826d57cd2b3__1 .avia-caption-content p{\ndisplay:none;\n}\n}\n<\/style>\n<div  class='avia-slideshow av-kjww7p4d-16dfc3f038d357bf926af826d57cd2b3 avia-slideshow-featured_large av_slideshow avia-slide-slider  avia-builder-el-1  avia-builder-el-no-sibling  av-slideshow-ui av-control-default av-slideshow-autoplay av-loop-endless av-loop-manual-endless av-default-height-applied avia-slideshow-1' data-slideshow-options=\"{&quot;animation&quot;:&quot;slide&quot;,&quot;autoplay&quot;:true,&quot;loop_autoplay&quot;:&quot;endless&quot;,&quot;interval&quot;:5,&quot;loop_manual&quot;:&quot;manual-endless&quot;,&quot;autoplay_stopper&quot;:false,&quot;noNavigation&quot;:false,&quot;bg_slider&quot;:false,&quot;keep_padding&quot;:false,&quot;hoverpause&quot;:false,&quot;show_slide_delay&quot;:0}\"  itemprop=\"image\" itemscope=\"itemscope\" itemtype=\"https:\/\/schema.org\/ImageObject\" ><ul class='avia-slideshow-inner ' style='padding-bottom: 42%;'><li  class='avia-slideshow-slide av-kjww7p4d-16dfc3f038d357bf926af826d57cd2b3__0  slide-1 slide-odd'><div data-rel='slideshow-1' class='avia-slide-wrap '   ><div class='av-slideshow-caption av-kjww7p4d-16dfc3f038d357bf926af826d57cd2b3__0 avia-caption'><div class=\"avia-inner-caption\"><div class='avia-caption-content '  itemprop=\"description\" ><p>Le massage classique peut aider \u00e0 pr\u00e9parer un traitement physique.<\/p>\n<\/div><\/div><\/div><img decoding=\"async\" fetchpriority=\"high\" class=\"wp-image-1943 avia-img-lazy-loading-not-1943\"  src=\"https:\/\/ralph-theissen.be\/wp-content\/uploads\/2021\/02\/THEISSENralph_kine_folge_3-1500x630.jpg\" width=\"1500\" height=\"630\" title='' alt=''  itemprop=\"thumbnailUrl\"   \/><\/div><\/li><li  class='avia-slideshow-slide av-kjww7p4d-16dfc3f038d357bf926af826d57cd2b3__1  slide-2 slide-even'><div data-rel='slideshow-1' class='avia-slide-wrap '   ><div class='av-slideshow-caption av-kjww7p4d-16dfc3f038d357bf926af826d57cd2b3__1 avia-caption'><div class=\"avia-inner-caption\"><div class='avia-caption-content '  itemprop=\"description\" ><p>La physioth\u00e9rapie consiste en des mesures actives, mais aussi passives<\/p>\n<\/div><\/div><\/div><img decoding=\"async\" fetchpriority=\"high\" class=\"wp-image-1942 avia-img-lazy-loading-not-1942\"  src=\"https:\/\/ralph-theissen.be\/wp-content\/uploads\/2021\/02\/THEISSENralph_kine_folge_4-1500x630.jpg\" width=\"1500\" height=\"630\" title='' alt=''  itemprop=\"thumbnailUrl\"   \/><\/div><\/li><\/ul><div class='avia-slideshow-arrows avia-slideshow-controls' ><a href='#prev' class='prev-slide  avia-svg-icon avia-font-svg_entypo-fontello' data-av_svg_icon='left-open-big' data-av_iconset='svg_entypo-fontello' tabindex='-1' title=\"Pr\u00e9c\u00e9dent\"><svg version=\"1.1\" xmlns=\"http:\/\/www.w3.org\/2000\/svg\" width=\"15\" height=\"32\" viewBox=\"0 0 15 32\" preserveAspectRatio=\"xMidYMid meet\" aria-labelledby='av-svg-title-1' aria-describedby='av-svg-desc-1' role=\"graphics-symbol\" aria-hidden=\"true\">\n<title id='av-svg-title-1'>Pr\u00e9c\u00e9dent<\/title>\n<desc id='av-svg-desc-1'>Pr\u00e9c\u00e9dent<\/desc>\n<path d=\"M14.464 27.84q0.832 0.832 0 1.536-0.832 0.832-1.536 0l-12.544-12.608q-0.768-0.768 0-1.6l12.544-12.608q0.704-0.832 1.536 0 0.832 0.704 0 1.536l-11.456 11.904z\"><\/path>\n<\/svg><span class='avia_hidden_link_text'>Pr\u00e9c\u00e9dent<\/span><\/a><a href='#next' class='next-slide  avia-svg-icon avia-font-svg_entypo-fontello' data-av_svg_icon='right-open-big' data-av_iconset='svg_entypo-fontello' tabindex='-1' title=\"Suivant\"><svg version=\"1.1\" xmlns=\"http:\/\/www.w3.org\/2000\/svg\" width=\"15\" height=\"32\" viewBox=\"0 0 15 32\" preserveAspectRatio=\"xMidYMid meet\" aria-labelledby='av-svg-title-2' aria-describedby='av-svg-desc-2' role=\"graphics-symbol\" aria-hidden=\"true\">\n<title id='av-svg-title-2'>Suivant<\/title>\n<desc id='av-svg-desc-2'>Suivant<\/desc>\n<path d=\"M0.416 27.84l11.456-11.84-11.456-11.904q-0.832-0.832 0-1.536 0.832-0.832 1.536 0l12.544 12.608q0.768 0.832 0 1.6l-12.544 12.608q-0.704 0.832-1.536 0-0.832-0.704 0-1.536z\"><\/path>\n<\/svg><span class='avia_hidden_link_text'>Suivant<\/span><\/a><\/div><div class='avia-slideshow-dots avia-slideshow-controls'><a href='#1' class='goto-slide active' >1<\/a><a href='#2' class='goto-slide ' >2<\/a><\/div><\/div><\/div>\n\n<style type=\"text\/css\" data-created_by=\"avia_inline_auto\" id=\"style-css-av-9ih-666d46482b8ecba0890fec787d491402\">\n.flex_column.av-9ih-666d46482b8ecba0890fec787d491402{\nborder-radius:0px 0px 0px 0px;\npadding:0px 0px 0px 0px;\n}\n<\/style>\n<div  class='flex_column av-9ih-666d46482b8ecba0890fec787d491402 av_one_full  avia-builder-el-2  el_after_av_one_full  el_before_av_one_full  first flex_column_div av-zero-column-padding  column-top-margin'     ><p>\n<style type=\"text\/css\" data-created_by=\"avia_inline_auto\" id=\"style-css-av-abrpp-0c015726ecbab0df6cdbe22f21c9694a\">\n#top .av-special-heading.av-abrpp-0c015726ecbab0df6cdbe22f21c9694a{\npadding-bottom:10px;\n}\nbody .av-special-heading.av-abrpp-0c015726ecbab0df6cdbe22f21c9694a .av-special-heading-tag .heading-char{\nfont-size:25px;\n}\n.av-special-heading.av-abrpp-0c015726ecbab0df6cdbe22f21c9694a .av-subheading{\nfont-size:15px;\n}\n<\/style>\n<div  class='av-special-heading av-abrpp-0c015726ecbab0df6cdbe22f21c9694a av-special-heading-h3  avia-builder-el-3  el_before_av_textblock  avia-builder-el-first '><h3 class='av-special-heading-tag '  itemprop=\"headline\"  >Le massage classique est l\u2019une des plus anciennes m\u00e9thodes de traitement.<\/h3><div class=\"special-heading-border\"><div class=\"special-heading-inner-border\"><\/div><\/div><\/div><br \/>\n<section  class='av_textblock_section av-kj05xhh6-82402337ff6b97d8d784467709d6f023 '   itemscope=\"itemscope\" itemtype=\"https:\/\/schema.org\/CreativeWork\" ><div class='avia_textblock'  itemprop=\"text\" ><p><strong>La massoth\u00e9rapie classique &#8211; \u00e9prouv\u00e9e depuis des milliers d&rsquo;ann\u00e9es<\/strong><\/p>\n<p>Cette forme de massage tr\u00e8s ancienne et \u00e9prouv\u00e9e est encore utilis\u00e9e avec succ\u00e8s aujourd&rsquo;hui gr\u00e2ce \u00e0 des techniques de pr\u00e9hension sp\u00e9ciales. Le massage classique, tel que nous le connaissons aujourd&rsquo;hui, peut \u00eatre utilis\u00e9 comme pr\u00e9paration \u00e0 un traitement physio-th\u00e9rapeutique avec la chaleur et l&rsquo;\u00e9lectroth\u00e9rapie, les ultrasons ou comme traitement individuel.<\/p>\n<p><strong>La th\u00e9rapie Cyriax &#8211; le traitement selon le Dr. J. Cyriax<\/strong><\/p>\n<p>Cette application permet d&rsquo;\u00e9liminer les \u00e9tats inflammatoires et les gonflements log\u00e9s dans le tendon. La proc\u00e9dure sp\u00e9cifique de soulagement de la douleur et de mobilisation locale (friction transversale) sur les ligaments et les tendons irrit\u00e9s constitue une partie importante du traitement physio-th\u00e9rapeutique.<\/p>\n<p><strong>D\u00e9pressomassage<br \/>\n<\/strong>Anti-adh\u00e9sion tissulaire, drainage lymphatique<\/p>\n<p>Cette m\u00e9thode utilise un appareil physio-th\u00e9rapeutique multifonctionnel dot\u00e9 de t\u00eates de massage rondes sp\u00e9ciales et d&rsquo;une protection anti-pincement.<\/p>\n<p>Il permet des mouvements de massage multidirectionnels en 3D. Des forces de pression et de traction intenses, continues ou puls\u00e9es, agissent sur les tissus.<\/p>\n<p>Le d\u00e9pressomassage influence l&rsquo;\u00e9tat m\u00e9tabolique et la r\u00e9g\u00e9n\u00e9ration du tissu conjonctif et combine plusieurs m\u00e9thodes : du massage du tissu conjonctif \u00e0 la r\u00e9flexologie.<\/p>\n<p><em>R\u00e9sultats physiologiques :<\/em><\/p>\n<p>&#8211; \u00c9limination des toxines et drainage lymphatique.<br \/>\n&#8211; Am\u00e9lioration de l&rsquo;oxyg\u00e9nation de la peau<br \/>\n&#8211; Acc\u00e9l\u00e9ration et am\u00e9lioration des processus de r\u00e9cup\u00e9ration apr\u00e8s les activit\u00e9s sportives<br \/>\n&#8211; Suppression des adh\u00e9rences et des tensions dans le tissu conjonctif<br \/>\n&#8211; D\u00e9sacidification et purification du tissu conjonctif<br \/>\n&#8211; D\u00e9tente<br \/>\n&#8211; R\u00e9g\u00e9n\u00e9ration tissulaire et activation du tonus musculaire, par exemple apr\u00e8s des blessures<br \/>\n&#8211; Soulagement rapide de la douleur, par exemple apr\u00e8s des muscles douloureux (courbatures)<br \/>\n&#8211; Stimulation du m\u00e9tabolisme et promotion de la circulation des tissus<br \/>\n&#8211; Am\u00e9lioration de l&rsquo;\u00e9lasticit\u00e9 du tissu conjonctif<br \/>\n&#8211; Am\u00e9lioration de l&rsquo;immunit\u00e9<br \/>\n&#8211; R\u00e9tablissement du m\u00e9tabolisme cellulaire et de la microcirculation<br \/>\n&#8211; Pr\u00e9vention des gonflements<\/p>\n<p><strong>Drainage lymphatique<\/strong><\/p>\n<p>Entre autres choses, le syst\u00e8me lymphatique assure un nettoyage continu de notre corps, ce qui nous aide \u00e0 rester en bonne sant\u00e9 et \u00e0 conserver notre vitalit\u00e9.<br \/>\nCette forme m\u00e9dicale douce de massage fait partie de la \u00ab\u00a0th\u00e9rapie physique d\u00e9congestive complexe\u00a0\u00bb, qui est utilis\u00e9e en cas de congestion du liquide tissulaire (lymph\u0153d\u00e8me).<\/p>\n<p><strong>Pressoth\u00e9rapie &#8211; Drainage lymphatique m\u00e9canique<\/strong><\/p>\n<p>La pressoth\u00e9rapie est un drainage lymphatique m\u00e9canique qui favorise le flux lymphatique visqueux dans le corps humain. Les processus m\u00e9taboliques et microcirculatoires sont souvent perturb\u00e9s par de mauvaises habitudes, une alimentation d\u00e9favorable ou une pr\u00e9disposition g\u00e9n\u00e9tique.<br \/>\nLa technique de pressoth\u00e9rapie par ondes de pression et de glissement, compl\u00e9t\u00e9e par un drainage lymphatique manuel, est la combinaison id\u00e9ale pour un flux lymphatique sain.<\/p>\n<\/div><\/section><\/p><\/div>\n<style type=\"text\/css\" data-created_by=\"avia_inline_auto\" id=\"style-css-av-a32fx-881749a3c0b9afe1ee86a2b4fef47a47\">\n.flex_column.av-a32fx-881749a3c0b9afe1ee86a2b4fef47a47{\nborder-radius:0px 0px 0px 0px;\npadding:0px 0px 0px 0px;\n}\n<\/style>\n<div  class='flex_column av-a32fx-881749a3c0b9afe1ee86a2b4fef47a47 av_one_full  avia-builder-el-5  el_after_av_one_full  avia-builder-el-last  first flex_column_div av-zero-column-padding  column-top-margin'     ><p><div  class='avia-button-wrap av-kjwnyn9j-c610b6689441916bd1a6bf40a85db5e0-wrap avia-button-right  avia-builder-el-6  el_before_av_hr  avia-builder-el-first '>\n<style type=\"text\/css\" data-created_by=\"avia_inline_auto\" id=\"style-css-av-kjwnyn9j-c610b6689441916bd1a6bf40a85db5e0\">\n#top #wrap_all .avia-button.av-kjwnyn9j-c610b6689441916bd1a6bf40a85db5e0{\nbackground-color:#dadada;\nborder-color:#dadada;\ntransition:all 0.4s ease-in-out;\n}\n#top #wrap_all .avia-button.av-kjwnyn9j-c610b6689441916bd1a6bf40a85db5e0:hover{\nbackground-color:#b2b2b2;\ncolor:#ffffff;\ntransition:all 0.4s ease-in-out;\n}\n#top #wrap_all .avia-button.av-kjwnyn9j-c610b6689441916bd1a6bf40a85db5e0:hover .avia-svg-icon svg:first-child{\nfill:#ffffff;\nstroke:#ffffff;\n}\n<\/style>\n<a href='https:\/\/ralph-theissen.be\/fr\/kinesitherapie\/'  class='avia-button av-kjwnyn9j-c610b6689441916bd1a6bf40a85db5e0 av-link-btn avia-icon_select-yes-left-icon avia-size-small avia-position-right avia-font-color-theme-color'   aria-label=\"retour\"><span class='avia_button_icon avia_button_icon_left avia-iconfont avia-font-entypo-fontello' data-av_icon='\ue874' data-av_iconfont='entypo-fontello' ><\/span><span class='avia_iconbox_title' >retour<\/span><\/a><\/div><br \/>\n\n<style type=\"text\/css\" data-created_by=\"avia_inline_auto\" id=\"style-css-av-kjy1ek6e-2803a68e06f7c365d3100fc19fe86044\">\n#top .hr.hr-invisible.av-kjy1ek6e-2803a68e06f7c365d3100fc19fe86044{\nheight:50px;\n}\n<\/style>\n<div  class='hr av-kjy1ek6e-2803a68e06f7c365d3100fc19fe86044 hr-invisible  avia-builder-el-7  el_after_av_button  avia-builder-el-last '><span class='hr-inner '><span class=\"hr-inner-style\"><\/span><\/span><\/div><\/p><\/div><\/p>\n","protected":false},"excerpt":{"rendered":"","protected":false},"author":2,"featured_media":0,"parent":2017,"menu_order":2,"comment_status":"closed","ping_status":"closed","template":"","meta":{"footnotes":""},"class_list":["post-2022","page","type-page","status-publish","hentry"],"_links":{"self":[{"href":"https:\/\/ralph-theissen.be\/fr\/wp-json\/wp\/v2\/pages\/2022","targetHints":{"allow":["GET"]}}],"collection":[{"href":"https:\/\/ralph-theissen.be\/fr\/wp-json\/wp\/v2\/pages"}],"about":[{"href":"https:\/\/ralph-theissen.be\/fr\/wp-json\/wp\/v2\/types\/page"}],"author":[{"embeddable":true,"href":"https:\/\/ralph-theissen.be\/fr\/wp-json\/wp\/v2\/users\/2"}],"replies":[{"embeddable":true,"href":"https:\/\/ralph-theissen.be\/fr\/wp-json\/wp\/v2\/comments?post=2022"}],"version-history":[{"count":1,"href":"https:\/\/ralph-theissen.be\/fr\/wp-json\/wp\/v2\/pages\/2022\/revisions"}],"predecessor-version":[{"id":2023,"href":"https:\/\/ralph-theissen.be\/fr\/wp-json\/wp\/v2\/pages\/2022\/revisions\/2023"}],"up":[{"embeddable":true,"href":"https:\/\/ralph-theissen.be\/fr\/wp-json\/wp\/v2\/pages\/2017"}],"wp:attachment":[{"href":"https:\/\/ralph-theissen.be\/fr\/wp-json\/wp\/v2\/media?parent=2022"}],"curies":[{"name":"wp","href":"https:\/\/api.w.org\/{rel}","templated":true}]}}