{"id":2019,"date":"2021-01-14T14:05:16","date_gmt":"2021-01-14T14:05:16","guid":{"rendered":"https:\/\/ralph-theissen.be\/kinesitherapie\/formation-specifique\/"},"modified":"2024-03-18T14:54:28","modified_gmt":"2024-03-18T14:54:28","slug":"formation-specifique","status":"publish","type":"page","link":"https:\/\/ralph-theissen.be\/fr\/kinesitherapie\/formation-specifique\/","title":{"rendered":"Formation sp\u00e9cifique"},"content":{"rendered":"\n<style type=\"text\/css\" data-created_by=\"avia_inline_auto\" id=\"style-css-av-g6oxy-342fe96c44aa9d9e73592115793582e8\">\n.flex_column.av-g6oxy-342fe96c44aa9d9e73592115793582e8{\nborder-radius:0px 0px 0px 0px;\npadding:0px 0px 0px 0px;\n}\n<\/style>\n<div  class='flex_column av-g6oxy-342fe96c44aa9d9e73592115793582e8 av_one_full  avia-builder-el-0  el_before_av_one_full  avia-builder-el-first  first flex_column_div av-zero-column-padding  '     ><style type=\"text\/css\" data-created_by=\"avia_inline_auto\" id=\"style-css-av-kjww7p4d-16dfc3f038d357bf926af826d57cd2b3\">\n\n@media only screen and (min-width: 480px) and (max-width: 767px){ \n#top .avia-slideshow .av-slideshow-caption.av-kjww7p4d-16dfc3f038d357bf926af826d57cd2b3__0 .avia-caption-content{\ndisplay:none;\n}\n#top .avia-slideshow .av-slideshow-caption.av-kjww7p4d-16dfc3f038d357bf926af826d57cd2b3__0 .avia-caption-content p{\ndisplay:none;\n}\n}\n\n@media only screen and (max-width: 479px){ \n#top .avia-slideshow .av-slideshow-caption.av-kjww7p4d-16dfc3f038d357bf926af826d57cd2b3__0 .avia-caption-content{\ndisplay:none;\n}\n#top .avia-slideshow .av-slideshow-caption.av-kjww7p4d-16dfc3f038d357bf926af826d57cd2b3__0 .avia-caption-content p{\ndisplay:none;\n}\n}\n\n@media only screen and (min-width: 480px) and (max-width: 767px){ \n#top .avia-slideshow .av-slideshow-caption.av-kjww7p4d-16dfc3f038d357bf926af826d57cd2b3__1 .avia-caption-content{\ndisplay:none;\n}\n#top .avia-slideshow .av-slideshow-caption.av-kjww7p4d-16dfc3f038d357bf926af826d57cd2b3__1 .avia-caption-content p{\ndisplay:none;\n}\n}\n\n@media only screen and (max-width: 479px){ \n#top .avia-slideshow .av-slideshow-caption.av-kjww7p4d-16dfc3f038d357bf926af826d57cd2b3__1 .avia-caption-content{\ndisplay:none;\n}\n#top .avia-slideshow .av-slideshow-caption.av-kjww7p4d-16dfc3f038d357bf926af826d57cd2b3__1 .avia-caption-content p{\ndisplay:none;\n}\n}\n<\/style>\n<div  class='avia-slideshow av-kjww7p4d-16dfc3f038d357bf926af826d57cd2b3 avia-slideshow-featured_large av_slideshow avia-slide-slider  avia-builder-el-1  avia-builder-el-no-sibling  av-slideshow-ui av-control-default av-slideshow-autoplay av-loop-endless av-loop-manual-endless av-default-height-applied avia-slideshow-1' data-slideshow-options=\"{&quot;animation&quot;:&quot;slide&quot;,&quot;autoplay&quot;:true,&quot;loop_autoplay&quot;:&quot;endless&quot;,&quot;interval&quot;:5,&quot;loop_manual&quot;:&quot;manual-endless&quot;,&quot;autoplay_stopper&quot;:false,&quot;noNavigation&quot;:false,&quot;bg_slider&quot;:false,&quot;keep_padding&quot;:false,&quot;hoverpause&quot;:false,&quot;show_slide_delay&quot;:0}\"  itemprop=\"image\" itemscope=\"itemscope\" itemtype=\"https:\/\/schema.org\/ImageObject\" ><ul class='avia-slideshow-inner ' style='padding-bottom: 42%;'><li  class='avia-slideshow-slide av-kjww7p4d-16dfc3f038d357bf926af826d57cd2b3__0  slide-1 slide-odd'><div data-rel='slideshow-1' class='avia-slide-wrap '   ><div class='av-slideshow-caption av-kjww7p4d-16dfc3f038d357bf926af826d57cd2b3__0 avia-caption'><div class=\"avia-inner-caption\"><div class='avia-caption-content '  itemprop=\"description\" ><p>Il existe diff\u00e9rentes formes de physioth\u00e9rapie, qui sont choisies en fonction des sympt\u00f4mes individuels.<\/p>\n<\/div><\/div><\/div><img decoding=\"async\" fetchpriority=\"high\" class=\"wp-image-1945 avia-img-lazy-loading-not-1945\"  src=\"https:\/\/ralph-theissen.be\/wp-content\/uploads\/2021\/02\/THEISSENralph_kine_folge_1-1500x630.jpg\" width=\"1500\" height=\"630\" title='' alt=''  itemprop=\"thumbnailUrl\"   \/><\/div><\/li><li  class='avia-slideshow-slide av-kjww7p4d-16dfc3f038d357bf926af826d57cd2b3__1  slide-2 slide-even'><div data-rel='slideshow-1' class='avia-slide-wrap '   ><div class='av-slideshow-caption av-kjww7p4d-16dfc3f038d357bf926af826d57cd2b3__1 avia-caption'><div class=\"avia-inner-caption\"><div class='avia-caption-content '  itemprop=\"description\" ><p>R\u00e9habilitation apr\u00e8s des op\u00e9rations, des blessures articulaires ou des fractures osseuses \u00e0 l&rsquo;aide d&rsquo;\u00e9quipements d&rsquo;entra\u00eenement m\u00e9dicaux.<\/p>\n<\/div><\/div><\/div><img decoding=\"async\" fetchpriority=\"high\" class=\"wp-image-1944 avia-img-lazy-loading-not-1944\"  src=\"https:\/\/ralph-theissen.be\/wp-content\/uploads\/2021\/02\/THEISSENralph_kine_folge_2-1500x630.jpg\" width=\"1500\" height=\"630\" title='' alt=''  itemprop=\"thumbnailUrl\"   \/><\/div><\/li><\/ul><div class='avia-slideshow-arrows avia-slideshow-controls' ><a href='#prev' class='prev-slide  avia-svg-icon avia-font-svg_entypo-fontello' data-av_svg_icon='left-open-big' data-av_iconset='svg_entypo-fontello' tabindex='-1' title=\"Pr\u00e9c\u00e9dent\"><svg version=\"1.1\" xmlns=\"http:\/\/www.w3.org\/2000\/svg\" width=\"15\" height=\"32\" viewBox=\"0 0 15 32\" preserveAspectRatio=\"xMidYMid meet\" aria-labelledby='av-svg-title-1' aria-describedby='av-svg-desc-1' role=\"graphics-symbol\" aria-hidden=\"true\">\n<title id='av-svg-title-1'>Pr\u00e9c\u00e9dent<\/title>\n<desc id='av-svg-desc-1'>Pr\u00e9c\u00e9dent<\/desc>\n<path d=\"M14.464 27.84q0.832 0.832 0 1.536-0.832 0.832-1.536 0l-12.544-12.608q-0.768-0.768 0-1.6l12.544-12.608q0.704-0.832 1.536 0 0.832 0.704 0 1.536l-11.456 11.904z\"><\/path>\n<\/svg><span class='avia_hidden_link_text'>Pr\u00e9c\u00e9dent<\/span><\/a><a href='#next' class='next-slide  avia-svg-icon avia-font-svg_entypo-fontello' data-av_svg_icon='right-open-big' data-av_iconset='svg_entypo-fontello' tabindex='-1' title=\"Suivant\"><svg version=\"1.1\" xmlns=\"http:\/\/www.w3.org\/2000\/svg\" width=\"15\" height=\"32\" viewBox=\"0 0 15 32\" preserveAspectRatio=\"xMidYMid meet\" aria-labelledby='av-svg-title-2' aria-describedby='av-svg-desc-2' role=\"graphics-symbol\" aria-hidden=\"true\">\n<title id='av-svg-title-2'>Suivant<\/title>\n<desc id='av-svg-desc-2'>Suivant<\/desc>\n<path d=\"M0.416 27.84l11.456-11.84-11.456-11.904q-0.832-0.832 0-1.536 0.832-0.832 1.536 0l12.544 12.608q0.768 0.832 0 1.6l-12.544 12.608q-0.704 0.832-1.536 0-0.832-0.704 0-1.536z\"><\/path>\n<\/svg><span class='avia_hidden_link_text'>Suivant<\/span><\/a><\/div><div class='avia-slideshow-dots avia-slideshow-controls'><a href='#1' class='goto-slide active' >1<\/a><a href='#2' class='goto-slide ' >2<\/a><\/div><\/div><\/div>\n\n<style type=\"text\/css\" data-created_by=\"avia_inline_auto\" id=\"style-css-av-9ih-666d46482b8ecba0890fec787d491402\">\n.flex_column.av-9ih-666d46482b8ecba0890fec787d491402{\nborder-radius:0px 0px 0px 0px;\npadding:0px 0px 0px 0px;\n}\n<\/style>\n<div  class='flex_column av-9ih-666d46482b8ecba0890fec787d491402 av_one_full  avia-builder-el-2  el_after_av_one_full  el_before_av_one_full  first flex_column_div av-zero-column-padding  column-top-margin'     ><p>\n<style type=\"text\/css\" data-created_by=\"avia_inline_auto\" id=\"style-css-av-83kd5-986c44f4209845e651b813f4deee88e5\">\n#top .av-special-heading.av-83kd5-986c44f4209845e651b813f4deee88e5{\npadding-bottom:10px;\n}\nbody .av-special-heading.av-83kd5-986c44f4209845e651b813f4deee88e5 .av-special-heading-tag .heading-char{\nfont-size:25px;\n}\n.av-special-heading.av-83kd5-986c44f4209845e651b813f4deee88e5 .av-subheading{\nfont-size:15px;\n}\n<\/style>\n<div  class='av-special-heading av-83kd5-986c44f4209845e651b813f4deee88e5 av-special-heading-h3  avia-builder-el-3  el_before_av_textblock  avia-builder-el-first '><h3 class='av-special-heading-tag '  itemprop=\"headline\"  >Formation sp\u00e9cifique avec ou sans support mat\u00e9riel<\/h3><div class=\"special-heading-border\"><div class=\"special-heading-inner-border\"><\/div><\/div><\/div><br \/>\n<section  class='av_textblock_section av-kj05xhh6-82402337ff6b97d8d784467709d6f023 '   itemscope=\"itemscope\" itemtype=\"https:\/\/schema.org\/CreativeWork\" ><div class='avia_textblock'  itemprop=\"text\" ><p><strong>Was ist Bewegungstherapie?<\/strong><\/p>\n<p>Die Bewegungstherapie ist eine Form der physikalischen Therapie, die Bewegung zur Behandlung von Beschwerden einsetzt. Sie geh\u00f6rt zu den wichtigsten Anwendungen im physiotherapeutischen Bereich und bedient ein breites Einsatzspektrum \u2013 von Herz-Kreislauf-Erkrankungen \u00fcber Verletzungen oder Funktionsst\u00f6rungen des Bewegungsapparates bis hin zu Atemwegs- und Stoffwechselerkrankungen.<\/p>\n<p><strong> <br class=\"avia-permanent-lb\" \/>Wann setzt man Krankengymnastik ein?<\/strong><\/p>\n<p>Krankengymnastik wirkt auf vielf\u00e4ltige Weise, denn sie:<br \/>\n&#8211; aktiviert und st\u00e4rkt die geschw\u00e4chte Muskulatur<br \/>\n&#8211; dehnt Muskeln, Sehnen, Gelenkkapseln,\u00a0Haut\u00a0und\u00a0Narben<br \/>\n&#8211; verbessert die K\u00f6rperhaltung und entlastet die Muskeln<br \/>\n&#8211; schult und trainiert die Koordination<br \/>\n&#8211; steigert die Durchblutung<br \/>\n&#8211; stimuliert die Atmung, den Stoffwechsel und das Herz-Kreislauf-System<\/p>\n<p>Entsprechend breit ist auch das Einsatzspektrum der Krankengymnastik, dazu geh\u00f6ren zum Beispiel:<br \/>\n&#8211; Fehlentwicklungen, Erkrankungen, Verletzungen sowie funktionelle St\u00f6rungen des Bewegungsapparates, innerer Organe und Nerven<br \/>\n&#8211; Vermeidung und Behandlung von Gelenkversteifungen (Kontrakturen)<br \/>\n&#8211; Regulation der Muskelspannung<br \/>\n&#8211; Funktionsverbesserung bei Muskelinsuffizienzen und Muskel-Dysbalancen<br \/>\n&#8211; Erkrankungen der Atemwege und Atemorgane wie Mukoviszidose<\/p>\n<p><strong> <br class=\"avia-permanent-lb\" \/>Wie wird Krankengymnastik angewendet?<\/strong><\/p>\n<p>Es gibt verschiedene Anwendungsformen der Krankengymnastik, die passend zum individuellen Beschwerdebild der Betroffenen ausgew\u00e4hlt werden:<\/p>\n<p><strong>&#8211; Einfache Krankengymnastik:<\/strong><br \/>\nIm Mittelpunkt stehen stabilisierende und mobilisierende Bewegungs\u00fcbungen, die vom Patienten selbst oder vom Physiotherapeuten aktiv oder passiv im Rahmen der Krankengymnastik durchgef\u00fchrt werden.<\/p>\n<p><strong>&#8211; Ger\u00e4tegest\u00fctzte Krankengymnastik:<\/strong><br \/>\nRehabilitation nach Operationen, Gelenkverletzungen oder Knochenbr\u00fcchen mit Hilfe von medizinischen Trainingsger\u00e4ten.<br \/>\nEine Behandlungsm\u00f6glichkeit, die auch h\u00e4ufig in der Pr\u00e4vention von Arthrose- und Wirbels\u00e4ulenerkrankungen eingesetzt wird.<\/p>\n<p><strong>&#8211; Atemtherapie:<\/strong><br \/>\nAtemgymnastik, die darauf abzielt dem Patienten durch verschiedene Techniken (St\u00e4rkung der Atemmuskulatur oder besondere K\u00f6rperhaltung) ein leichteres Atmen zu erm\u00f6glichen. Durch verbesserte K\u00f6rperwahrnehmung wird das richtige Atmen gef\u00f6rdert. Die Atemtherapie wird auch bei Schwangeren f\u00fcr die Geburtsvorbereitung genutzt.<\/p>\n<p>Des Weiteren kann die richtige Atemtechnik sowie das effektive Abhusten von Schleim mit Hilfe von medizinischen Hilfsmitteln, im Rahmen einer Husten- und Atemschulung erlernt werden. Regelm\u00e4\u00dfiges Training senkt die Atemnot, trainiert die Atemmuskulatur und erm\u00f6glicht es den Schleim besser abzutransportieren.<\/p>\n<p><strong>&#8211; Die Physiologischen Ketten\u00a0<\/strong><br \/>\nHier geht es nicht darum Krankheiten zu behandeln, die in den Bereich der Medizin fallen, sondern um die Behandlung von Dysfunktionen.<br \/>\nDysbalancen von Muskeln, Muskelketten und Faszien k\u00f6nnen zu hartn\u00e4ckigen Verletzungen f\u00fchren. Wir helfen den Patienten wieder das funktionale und erforderliche Gleichgewicht zur F\u00f6rderung seiner Gesundheitsdynamik zu finden.<\/p>\n<p><strong>&#8211; Propriozeptive Neuromuskul\u00e4re Fazilitation<\/strong><br \/>\nDas Zusammenspiel von Muskulatur und Nerven findet in vielen Bereichen der Physiotherapie statt, besonders aber in der Behandlung von zentralen Bewegungsst\u00f6rungen. Dabei werden die Druck- und Dehnungsrezeptoren in Muskeln, Bindegewebe, Gelenkkapseln und Sehnen durch Dehnung, Entspannung oder auch Streckung stimuliert. Diese Abl\u00e4ufe geschehen in bestimmten vordefinierten Reihenfolgen, wobei in den Muskeln eine vermehrte Kontraktion und Entspannung erfolgt. Die Muskeln sowie der Spannungszustand eines Muskels\u00a0erhalten neue Kraft und Dehnung, wodurch sich die Bewegungsabl\u00e4ufe normalisieren.<\/p>\n<div><\/div>\n<\/div><\/section><\/p><\/div>\n<style type=\"text\/css\" data-created_by=\"avia_inline_auto\" id=\"style-css-av-9jxe9-0a157781526a948f5e898dbee6199973\">\n.flex_column.av-9jxe9-0a157781526a948f5e898dbee6199973{\nborder-radius:0px 0px 0px 0px;\npadding:0px 0px 0px 0px;\n}\n<\/style>\n<div  class='flex_column av-9jxe9-0a157781526a948f5e898dbee6199973 av_one_full  avia-builder-el-5  el_after_av_one_full  avia-builder-el-last  first flex_column_div av-zero-column-padding  column-top-margin'     ><p><div  class='avia-button-wrap av-kjwnyn9j-c610b6689441916bd1a6bf40a85db5e0-wrap avia-button-right  avia-builder-el-6  el_before_av_hr  avia-builder-el-first '>\n<style type=\"text\/css\" data-created_by=\"avia_inline_auto\" id=\"style-css-av-kjwnyn9j-c610b6689441916bd1a6bf40a85db5e0\">\n#top #wrap_all .avia-button.av-kjwnyn9j-c610b6689441916bd1a6bf40a85db5e0{\nbackground-color:#dadada;\nborder-color:#dadada;\ntransition:all 0.4s ease-in-out;\n}\n#top #wrap_all .avia-button.av-kjwnyn9j-c610b6689441916bd1a6bf40a85db5e0:hover{\nbackground-color:#b2b2b2;\ncolor:#ffffff;\ntransition:all 0.4s ease-in-out;\n}\n#top #wrap_all .avia-button.av-kjwnyn9j-c610b6689441916bd1a6bf40a85db5e0:hover .avia-svg-icon svg:first-child{\nfill:#ffffff;\nstroke:#ffffff;\n}\n<\/style>\n<a href='https:\/\/ralph-theissen.be\/fr\/kinesitherapie\/'  class='avia-button av-kjwnyn9j-c610b6689441916bd1a6bf40a85db5e0 av-link-btn avia-icon_select-yes-left-icon avia-size-small avia-position-right avia-font-color-theme-color'   aria-label=\"retour\"><span class='avia_button_icon avia_button_icon_left avia-iconfont avia-font-entypo-fontello' data-av_icon='\ue874' data-av_iconfont='entypo-fontello' ><\/span><span class='avia_iconbox_title' >retour<\/span><\/a><\/div><br \/>\n\n<style type=\"text\/css\" data-created_by=\"avia_inline_auto\" id=\"style-css-av-kjy1ek6e-2803a68e06f7c365d3100fc19fe86044\">\n#top .hr.hr-invisible.av-kjy1ek6e-2803a68e06f7c365d3100fc19fe86044{\nheight:50px;\n}\n<\/style>\n<div  class='hr av-kjy1ek6e-2803a68e06f7c365d3100fc19fe86044 hr-invisible  avia-builder-el-7  el_after_av_button  avia-builder-el-last '><span class='hr-inner '><span class=\"hr-inner-style\"><\/span><\/span><\/div><\/p><\/div><\/p>\n","protected":false},"excerpt":{"rendered":"","protected":false},"author":2,"featured_media":0,"parent":2017,"menu_order":1,"comment_status":"closed","ping_status":"closed","template":"","meta":{"footnotes":""},"class_list":["post-2019","page","type-page","status-publish","hentry"],"_links":{"self":[{"href":"https:\/\/ralph-theissen.be\/fr\/wp-json\/wp\/v2\/pages\/2019","targetHints":{"allow":["GET"]}}],"collection":[{"href":"https:\/\/ralph-theissen.be\/fr\/wp-json\/wp\/v2\/pages"}],"about":[{"href":"https:\/\/ralph-theissen.be\/fr\/wp-json\/wp\/v2\/types\/page"}],"author":[{"embeddable":true,"href":"https:\/\/ralph-theissen.be\/fr\/wp-json\/wp\/v2\/users\/2"}],"replies":[{"embeddable":true,"href":"https:\/\/ralph-theissen.be\/fr\/wp-json\/wp\/v2\/comments?post=2019"}],"version-history":[{"count":2,"href":"https:\/\/ralph-theissen.be\/fr\/wp-json\/wp\/v2\/pages\/2019\/revisions"}],"predecessor-version":[{"id":2021,"href":"https:\/\/ralph-theissen.be\/fr\/wp-json\/wp\/v2\/pages\/2019\/revisions\/2021"}],"up":[{"embeddable":true,"href":"https:\/\/ralph-theissen.be\/fr\/wp-json\/wp\/v2\/pages\/2017"}],"wp:attachment":[{"href":"https:\/\/ralph-theissen.be\/fr\/wp-json\/wp\/v2\/media?parent=2019"}],"curies":[{"name":"wp","href":"https:\/\/api.w.org\/{rel}","templated":true}]}}