{"id":2014,"date":"2021-01-14T13:50:09","date_gmt":"2021-01-14T13:50:09","guid":{"rendered":"https:\/\/ralph-theissen.be\/osteopathie\/guerison-apres-fracture-et-soulagement-de-la-douleur\/"},"modified":"2024-03-18T14:37:19","modified_gmt":"2024-03-18T14:37:19","slug":"guerison-apres-fracture-et-soulagement-de-la-douleur","status":"publish","type":"page","link":"https:\/\/ralph-theissen.be\/fr\/osteopathie\/guerison-apres-fracture-et-soulagement-de-la-douleur\/","title":{"rendered":"Gu\u00e9rison apr\u00e8s fracture et soulagement de la douleur"},"content":{"rendered":"\n<style type=\"text\/css\" data-created_by=\"avia_inline_auto\" id=\"style-css-av-g6oxy-342fe96c44aa9d9e73592115793582e8\">\n.flex_column.av-g6oxy-342fe96c44aa9d9e73592115793582e8{\nborder-radius:0px 0px 0px 0px;\npadding:0px 0px 0px 0px;\n}\n<\/style>\n<div  class='flex_column av-g6oxy-342fe96c44aa9d9e73592115793582e8 av_one_full  avia-builder-el-0  el_before_av_one_full  avia-builder-el-first  first flex_column_div av-zero-column-padding  '     ><style type=\"text\/css\" data-created_by=\"avia_inline_auto\" id=\"style-css-av-kjww7p4d-eb7274c638d50fd55525812374b8f6c4\">\n\n@media only screen and (min-width: 480px) and (max-width: 767px){ \n#top .avia-slideshow .av-slideshow-caption.av-kjww7p4d-eb7274c638d50fd55525812374b8f6c4__0 .avia-caption-content{\ndisplay:none;\n}\n#top .avia-slideshow .av-slideshow-caption.av-kjww7p4d-eb7274c638d50fd55525812374b8f6c4__0 .avia-caption-content p{\ndisplay:none;\n}\n}\n\n@media only screen and (max-width: 479px){ \n#top .avia-slideshow .av-slideshow-caption.av-kjww7p4d-eb7274c638d50fd55525812374b8f6c4__0 .avia-caption-content{\ndisplay:none;\n}\n#top .avia-slideshow .av-slideshow-caption.av-kjww7p4d-eb7274c638d50fd55525812374b8f6c4__0 .avia-caption-content p{\ndisplay:none;\n}\n}\n<\/style>\n<div  class='avia-slideshow av-kjww7p4d-eb7274c638d50fd55525812374b8f6c4 avia-slideshow-no scaling av_slideshow avia-slide-slider  avia-builder-el-1  avia-builder-el-no-sibling  av-slideshow-ui av-control-default av-slideshow-manual av-loop-once av-loop-manual-endless av-default-height-applied avia-slideshow-1' data-slideshow-options=\"{&quot;animation&quot;:&quot;slide&quot;,&quot;autoplay&quot;:false,&quot;loop_autoplay&quot;:&quot;once&quot;,&quot;interval&quot;:5,&quot;loop_manual&quot;:&quot;manual-endless&quot;,&quot;autoplay_stopper&quot;:false,&quot;noNavigation&quot;:false,&quot;bg_slider&quot;:false,&quot;keep_padding&quot;:false,&quot;hoverpause&quot;:false,&quot;show_slide_delay&quot;:0}\"  itemprop=\"image\" itemscope=\"itemscope\" itemtype=\"https:\/\/schema.org\/ImageObject\" ><ul class='avia-slideshow-inner ' style='padding-bottom: 50.15%;'><li  class='avia-slideshow-slide av-kjww7p4d-eb7274c638d50fd55525812374b8f6c4__0  av-single-slide slide-1 slide-odd'><div data-rel='slideshow-1' class='avia-slide-wrap '   ><div class='av-slideshow-caption av-kjww7p4d-eb7274c638d50fd55525812374b8f6c4__0 avia-caption'><div class=\"avia-inner-caption\"><div class='avia-caption-content '  itemprop=\"description\" ><p>Traitement des douleurs aigu\u00ebs et chroniques du syst\u00e8me musculo-squelettique et du syst\u00e8me nerveux.<\/p>\n<\/div><\/div><\/div><img decoding=\"async\" fetchpriority=\"high\" class=\"wp-image-1931 avia-img-lazy-loading-not-1931\"  src=\"https:\/\/ralph-theissen.be\/wp-content\/uploads\/2021\/02\/THEISSENralph_osteo_folge_7.jpg\" width=\"2000\" height=\"1003\" title='' alt=''  itemprop=\"thumbnailUrl\" srcset=\"https:\/\/ralph-theissen.be\/wp-content\/uploads\/2021\/02\/THEISSENralph_osteo_folge_7.jpg 2000w, https:\/\/ralph-theissen.be\/wp-content\/uploads\/2021\/02\/THEISSENralph_osteo_folge_7-300x150.jpg 300w, https:\/\/ralph-theissen.be\/wp-content\/uploads\/2021\/02\/THEISSENralph_osteo_folge_7-1030x517.jpg 1030w, https:\/\/ralph-theissen.be\/wp-content\/uploads\/2021\/02\/THEISSENralph_osteo_folge_7-768x385.jpg 768w, https:\/\/ralph-theissen.be\/wp-content\/uploads\/2021\/02\/THEISSENralph_osteo_folge_7-1536x770.jpg 1536w, https:\/\/ralph-theissen.be\/wp-content\/uploads\/2021\/02\/THEISSENralph_osteo_folge_7-1500x752.jpg 1500w, https:\/\/ralph-theissen.be\/wp-content\/uploads\/2021\/02\/THEISSENralph_osteo_folge_7-705x354.jpg 705w\" sizes=\"(max-width: 2000px) 100vw, 2000px\" \/><\/div><\/li><\/ul><\/div><\/div>\n<style type=\"text\/css\" data-created_by=\"avia_inline_auto\" id=\"style-css-av-9ih-666d46482b8ecba0890fec787d491402\">\n.flex_column.av-9ih-666d46482b8ecba0890fec787d491402{\nborder-radius:0px 0px 0px 0px;\npadding:0px 0px 0px 0px;\n}\n<\/style>\n<div  class='flex_column av-9ih-666d46482b8ecba0890fec787d491402 av_one_full  avia-builder-el-2  el_after_av_one_full  el_before_av_one_full  first flex_column_div av-zero-column-padding  column-top-margin'     ><p>\n<style type=\"text\/css\" data-created_by=\"avia_inline_auto\" id=\"style-css-av-pqwv-b701fa2ef3c2a6a2e92186110fecacc3\">\n#top .av-special-heading.av-pqwv-b701fa2ef3c2a6a2e92186110fecacc3{\npadding-bottom:10px;\n}\nbody .av-special-heading.av-pqwv-b701fa2ef3c2a6a2e92186110fecacc3 .av-special-heading-tag .heading-char{\nfont-size:25px;\n}\n.av-special-heading.av-pqwv-b701fa2ef3c2a6a2e92186110fecacc3 .av-subheading{\nfont-size:15px;\n}\n<\/style>\n<div  class='av-special-heading av-pqwv-b701fa2ef3c2a6a2e92186110fecacc3 av-special-heading-h3  avia-builder-el-3  el_before_av_textblock  avia-builder-el-first '><h3 class='av-special-heading-tag '  itemprop=\"headline\"  >Th\u00e9rapie par champ d\u2019induction pour le soulagement de la douleur et la gu\u00e9rison des fractures<\/h3><div class=\"special-heading-border\"><div class=\"special-heading-inner-border\"><\/div><\/div><\/div><br \/>\n<section  class='av_textblock_section av-kj05xhh6-1d4766732537f591e956c63197135445 '   itemscope=\"itemscope\" itemtype=\"https:\/\/schema.org\/CreativeWork\" ><div class='avia_textblock'  itemprop=\"text\" ><p>La th\u00e9rapie par champ d&rsquo;induction focalis\u00e9 exerce un effet positif sur le tissu neuromusculaire. Elle peut \u00eatre utilis\u00e9 pour traiter les douleurs aigu\u00ebs et chroniques des syst\u00e8mes musculo-squelettique et nerveux.<\/p>\n<p>Gr\u00e2ce \u00e0 des param\u00e8tres adapt\u00e9s individuellement au patient, la contraction musculaire souhait\u00e9e est obtenue par une interaction entre le champ d&rsquo;induction et le muscle. \u00c0 cette fin, on utilise un appareil de th\u00e9rapie par champ d&rsquo;induction issu du domaine m\u00e9dical, qui a \u00e9t\u00e9 d\u00e9velopp\u00e9 et con\u00e7u pr\u00e9cis\u00e9ment pour de telles m\u00e9thodes de traitement. \u00c9galement appel\u00e9 <span style=\"color: #000000\">SIS (Super Inductive System)<\/span>. Le SIS g\u00e9n\u00e8re le champ d&rsquo;induction n\u00e9cessaire au traitement au moyen de bobines \u00e9lectromagn\u00e9tiques.<\/p>\n<p>La contraction r\u00e9p\u00e9t\u00e9e des muscles proches des articulations, d\u00e9clench\u00e9e par le champ d&rsquo;induction, permet de lib\u00e9rer les blocages articulaires.<\/p>\n<p>Comme le SIS entra\u00eene une augmentation du flux sanguin et un apport accru d&rsquo;oxyg\u00e8ne dans les tissus, il peut \u00e9galement \u00eatre utilis\u00e9 pour la gu\u00e9rison des fractures. Les muscles affaiblis peuvent \u00e9galement \u00eatre renforc\u00e9s. Gr\u00e2ce \u00e0 sa fr\u00e9quence de stimulation \u00e9lev\u00e9e, le SIS soulage efficacement les tensions musculaires et est \u00e9galement utilis\u00e9 dans le traitement des troubles spastiques.<\/p>\n<p><strong>Les options de traitement les plus courantes de A \u00e0 Z :<\/strong><\/p>\n<p>&#8211; r\u00e9duction de la douleur<br \/>\n&#8211; activation des processus de r\u00e9g\u00e9n\u00e9ration<br \/>\n&#8211; arthrite<br \/>\n&#8211; arthrose<br \/>\n&#8211; gu\u00e9rison de fractures<br \/>\n&#8211; am\u00e9liorer la mobilit\u00e9 des petites et grandes articulations<br \/>\n&#8211; rhumatisme articulaire<br \/>\n&#8211; syndrome du canal carpien<br \/>\n&#8211; r\u00e9g\u00e9n\u00e9ration des muscles<br \/>\n&#8211; mobilisation de la colonne thoracique<br \/>\n&#8211; r\u00e9g\u00e9n\u00e9ration des nerfs<br \/>\n&#8211; pr\u00e9vention de l&rsquo;atrophie musculaire<br \/>\n&#8211; r\u00e9duction de la spasticit\u00e9<br \/>\n&#8211; syndrome \u00e9paule-bras<br \/>\n&#8211; am\u00e9lioration de la respiration<br \/>\n&#8211; inflammation des muscles, des tendons et des articulations<br \/>\n&#8211; tension musculaire<\/p>\n<div class=\"special-heading-border\"><\/div>\n<\/div><\/section><\/p><\/div><\/p>\n\n<style type=\"text\/css\" data-created_by=\"avia_inline_auto\" id=\"style-css-av-9ih-666d46482b8ecba0890fec787d491402\">\n.flex_column.av-9ih-666d46482b8ecba0890fec787d491402{\nborder-radius:0px 0px 0px 0px;\npadding:0px 0px 0px 0px;\n}\n<\/style>\n<div  class='flex_column av-9ih-666d46482b8ecba0890fec787d491402 av_one_full  avia-builder-el-5  el_after_av_one_full  avia-builder-el-last  first flex_column_div av-zero-column-padding  column-top-margin'     ><p><div  class='avia-button-wrap av-kjwnyn9j-218f25a5ed34a68735bb94aa263ddd70-wrap avia-button-right  avia-builder-el-6  el_before_av_hr  avia-builder-el-first '>\n<style type=\"text\/css\" data-created_by=\"avia_inline_auto\" id=\"style-css-av-kjwnyn9j-218f25a5ed34a68735bb94aa263ddd70\">\n#top #wrap_all .avia-button.av-kjwnyn9j-218f25a5ed34a68735bb94aa263ddd70{\nbackground-color:#dadada;\nborder-color:#dadada;\ntransition:all 0.4s ease-in-out;\n}\n#top #wrap_all .avia-button.av-kjwnyn9j-218f25a5ed34a68735bb94aa263ddd70:hover{\nbackground-color:#b2b2b2;\ncolor:#ffffff;\ntransition:all 0.4s ease-in-out;\n}\n#top #wrap_all .avia-button.av-kjwnyn9j-218f25a5ed34a68735bb94aa263ddd70:hover .avia-svg-icon svg:first-child{\nfill:#ffffff;\nstroke:#ffffff;\n}\n<\/style>\n<a href='https:\/\/ralph-theissen.be\/fr\/osteopathie\/'  class='avia-button av-kjwnyn9j-218f25a5ed34a68735bb94aa263ddd70 av-link-btn avia-icon_select-yes-left-icon avia-size-small avia-position-right avia-font-color-theme-color'   aria-label=\"retour\"><span class='avia_button_icon avia_button_icon_left avia-iconfont avia-font-entypo-fontello' data-av_icon='\ue874' data-av_iconfont='entypo-fontello' ><\/span><span class='avia_iconbox_title' >retour<\/span><\/a><\/div><br \/>\n\n<style type=\"text\/css\" data-created_by=\"avia_inline_auto\" id=\"style-css-av-kj02fsey-7947dc6dc637ac2b04a43cf327b94834\">\n#top .hr.hr-invisible.av-kj02fsey-7947dc6dc637ac2b04a43cf327b94834{\nheight:50px;\n}\n<\/style>\n<div  class='hr av-kj02fsey-7947dc6dc637ac2b04a43cf327b94834 hr-invisible  avia-builder-el-7  el_after_av_button  avia-builder-el-last '><span class='hr-inner '><span class=\"hr-inner-style\"><\/span><\/span><\/div><\/p><\/div>\n","protected":false},"excerpt":{"rendered":"","protected":false},"author":2,"featured_media":0,"parent":1977,"menu_order":7,"comment_status":"closed","ping_status":"closed","template":"","meta":{"footnotes":""},"class_list":["post-2014","page","type-page","status-publish","hentry"],"_links":{"self":[{"href":"https:\/\/ralph-theissen.be\/fr\/wp-json\/wp\/v2\/pages\/2014","targetHints":{"allow":["GET"]}}],"collection":[{"href":"https:\/\/ralph-theissen.be\/fr\/wp-json\/wp\/v2\/pages"}],"about":[{"href":"https:\/\/ralph-theissen.be\/fr\/wp-json\/wp\/v2\/types\/page"}],"author":[{"embeddable":true,"href":"https:\/\/ralph-theissen.be\/fr\/wp-json\/wp\/v2\/users\/2"}],"replies":[{"embeddable":true,"href":"https:\/\/ralph-theissen.be\/fr\/wp-json\/wp\/v2\/comments?post=2014"}],"version-history":[{"count":2,"href":"https:\/\/ralph-theissen.be\/fr\/wp-json\/wp\/v2\/pages\/2014\/revisions"}],"predecessor-version":[{"id":2016,"href":"https:\/\/ralph-theissen.be\/fr\/wp-json\/wp\/v2\/pages\/2014\/revisions\/2016"}],"up":[{"embeddable":true,"href":"https:\/\/ralph-theissen.be\/fr\/wp-json\/wp\/v2\/pages\/1977"}],"wp:attachment":[{"href":"https:\/\/ralph-theissen.be\/fr\/wp-json\/wp\/v2\/media?parent=2014"}],"curies":[{"name":"wp","href":"https:\/\/api.w.org\/{rel}","templated":true}]}}