{"id":2008,"date":"2021-01-27T10:50:58","date_gmt":"2021-01-27T10:50:58","guid":{"rendered":"https:\/\/ralph-theissen.be\/osteopathie\/pour-les-personnes-actives-et-les-sportifs\/"},"modified":"2024-03-18T14:23:39","modified_gmt":"2024-03-18T14:23:39","slug":"pour-les-personnes-actives-et-les-sportifs","status":"publish","type":"page","link":"https:\/\/ralph-theissen.be\/fr\/osteopathie\/pour-les-personnes-actives-et-les-sportifs\/","title":{"rendered":"pour les personnes actives et les sportifs"},"content":{"rendered":"\n<style type=\"text\/css\" data-created_by=\"avia_inline_auto\" id=\"style-css-av-cncuc-282e89f0748e0f3701ae2835fb1ec6ef\">\n.flex_column.av-cncuc-282e89f0748e0f3701ae2835fb1ec6ef{\nborder-radius:0px 0px 0px 0px;\npadding:0px 0px 0px 0px;\n}\n<\/style>\n<div  class='flex_column av-cncuc-282e89f0748e0f3701ae2835fb1ec6ef av_one_full  avia-builder-el-0  el_before_av_one_full  avia-builder-el-first  first flex_column_div av-zero-column-padding  '     ><style type=\"text\/css\" data-created_by=\"avia_inline_auto\" id=\"style-css-av-kjww8dav-603f4e0c2aa003aa3a6914a99b9a5a66\">\n\n@media only screen and (min-width: 480px) and (max-width: 767px){ \n#top .avia-slideshow .av-slideshow-caption.av-kjww8dav-603f4e0c2aa003aa3a6914a99b9a5a66__0 .avia-caption-content{\ndisplay:none;\n}\n#top .avia-slideshow .av-slideshow-caption.av-kjww8dav-603f4e0c2aa003aa3a6914a99b9a5a66__0 .avia-caption-content p{\ndisplay:none;\n}\n}\n\n@media only screen and (max-width: 479px){ \n#top .avia-slideshow .av-slideshow-caption.av-kjww8dav-603f4e0c2aa003aa3a6914a99b9a5a66__0 .avia-caption-content{\ndisplay:none;\n}\n#top .avia-slideshow .av-slideshow-caption.av-kjww8dav-603f4e0c2aa003aa3a6914a99b9a5a66__0 .avia-caption-content p{\ndisplay:none;\n}\n}\n<\/style>\n<div  class='avia-slideshow av-kjww8dav-603f4e0c2aa003aa3a6914a99b9a5a66 avia-slideshow-no scaling av_slideshow avia-slide-slider  avia-builder-el-1  avia-builder-el-no-sibling  av-slideshow-ui av-control-default av-slideshow-manual av-loop-once av-loop-manual-endless av-default-height-applied avia-slideshow-1' data-slideshow-options=\"{&quot;animation&quot;:&quot;slide&quot;,&quot;autoplay&quot;:false,&quot;loop_autoplay&quot;:&quot;once&quot;,&quot;interval&quot;:5,&quot;loop_manual&quot;:&quot;manual-endless&quot;,&quot;autoplay_stopper&quot;:false,&quot;noNavigation&quot;:false,&quot;bg_slider&quot;:false,&quot;keep_padding&quot;:false,&quot;hoverpause&quot;:false,&quot;show_slide_delay&quot;:0}\"  itemprop=\"image\" itemscope=\"itemscope\" itemtype=\"https:\/\/schema.org\/ImageObject\" ><ul class='avia-slideshow-inner ' style='padding-bottom: 50.15%;'><li  class='avia-slideshow-slide av-kjww8dav-603f4e0c2aa003aa3a6914a99b9a5a66__0  av-single-slide slide-1 slide-odd'><div data-rel='slideshow-1' class='avia-slide-wrap '   ><div class='av-slideshow-caption av-kjww8dav-603f4e0c2aa003aa3a6914a99b9a5a66__0 avia-caption'><div class=\"avia-inner-caption\"><div class='avia-caption-content '  itemprop=\"description\" ><p>Une mauvaise posture a un effet n\u00e9gatif sur le corps, un effort accru et une performance r\u00e9duite en sont les cons\u00e9quences.<\/p>\n<\/div><\/div><\/div><img decoding=\"async\" fetchpriority=\"high\" class=\"wp-image-1933 avia-img-lazy-loading-not-1933\"  src=\"https:\/\/ralph-theissen.be\/wp-content\/uploads\/2021\/02\/THEISSENralph_osteo_folge_5.jpg\" width=\"2000\" height=\"1003\" title='' alt=''  itemprop=\"thumbnailUrl\" srcset=\"https:\/\/ralph-theissen.be\/wp-content\/uploads\/2021\/02\/THEISSENralph_osteo_folge_5.jpg 2000w, https:\/\/ralph-theissen.be\/wp-content\/uploads\/2021\/02\/THEISSENralph_osteo_folge_5-300x150.jpg 300w, https:\/\/ralph-theissen.be\/wp-content\/uploads\/2021\/02\/THEISSENralph_osteo_folge_5-1030x517.jpg 1030w, https:\/\/ralph-theissen.be\/wp-content\/uploads\/2021\/02\/THEISSENralph_osteo_folge_5-768x385.jpg 768w, https:\/\/ralph-theissen.be\/wp-content\/uploads\/2021\/02\/THEISSENralph_osteo_folge_5-1536x770.jpg 1536w, https:\/\/ralph-theissen.be\/wp-content\/uploads\/2021\/02\/THEISSENralph_osteo_folge_5-1500x752.jpg 1500w, https:\/\/ralph-theissen.be\/wp-content\/uploads\/2021\/02\/THEISSENralph_osteo_folge_5-705x354.jpg 705w\" sizes=\"(max-width: 2000px) 100vw, 2000px\" \/><\/div><\/li><\/ul><\/div><\/div>\n<style type=\"text\/css\" data-created_by=\"avia_inline_auto\" id=\"style-css-av-9ih-666d46482b8ecba0890fec787d491402\">\n.flex_column.av-9ih-666d46482b8ecba0890fec787d491402{\nborder-radius:0px 0px 0px 0px;\npadding:0px 0px 0px 0px;\n}\n<\/style>\n<div  class='flex_column av-9ih-666d46482b8ecba0890fec787d491402 av_one_full  avia-builder-el-2  el_after_av_one_full  el_before_av_one_full  first flex_column_div av-zero-column-padding  column-top-margin'     ><p>\n<style type=\"text\/css\" data-created_by=\"avia_inline_auto\" id=\"style-css-av-9zruj-ef44ed7dc9516ef83e80dca8d43adcbf\">\n#top .av-special-heading.av-9zruj-ef44ed7dc9516ef83e80dca8d43adcbf{\npadding-bottom:10px;\n}\nbody .av-special-heading.av-9zruj-ef44ed7dc9516ef83e80dca8d43adcbf .av-special-heading-tag .heading-char{\nfont-size:25px;\n}\n.av-special-heading.av-9zruj-ef44ed7dc9516ef83e80dca8d43adcbf .av-subheading{\nfont-size:15px;\n}\n<\/style>\n<div  class='av-special-heading av-9zruj-ef44ed7dc9516ef83e80dca8d43adcbf av-special-heading-h3  avia-builder-el-3  el_before_av_textblock  avia-builder-el-first '><h3 class='av-special-heading-tag '  itemprop=\"headline\"  >L\u2019ost\u00e9opathie pour les personnes actives et les sportifs<\/h3><div class=\"special-heading-border\"><div class=\"special-heading-inner-border\"><\/div><\/div><\/div><br \/>\n<section  class='av_textblock_section av-kj05xhh6-1d4766732537f591e956c63197135445 '   itemscope=\"itemscope\" itemtype=\"https:\/\/schema.org\/CreativeWork\" ><div class='avia_textblock'  itemprop=\"text\" ><p>Une mauvaise posture a un effet n\u00e9gatif sur le corps, un effort accru et une performance r\u00e9duite en sont les cons\u00e9quences. Les douleurs fonctionnelles, la r\u00e9duction des performances et l&rsquo;inconfort sont des effets secondaires ind\u00e9sirables qui n\u00e9cessitent des examens et des mesures de traitement sp\u00e9cifiques.<\/p>\n<p><strong>L&rsquo;influence du stress prolong\u00e9 sur le syst\u00e8me musculo-squelettique<\/strong><\/p>\n<p>Le syst\u00e8me musculo-squelettique tente de compenser le stress de mani\u00e8re autonome, mais cela peut entra\u00eener des blessures \u00e9ventuelles. Si une structure (par exemple un muscle, un tendon, un disque intervert\u00e9bral,&#8230;) est affaiblie, le corps va essayer de la soulager. Le corps fait travailler plus fort les muscles correspondants ou utilise d&rsquo;autres articulations comme moyen de soulagement, bien que celles-ci ne soient pas con\u00e7ues pour une telle charge.<\/p>\n<p>Ces compensations ont g\u00e9n\u00e9ralement pour effet d&rsquo;acqu\u00e9rir des postures incorrectes du corps. Les mauvaises postures ont un effet n\u00e9gatif sur le corps, elles entra\u00eenent un effort accru et une baisse des performances. Si l&rsquo;entra\u00eenement se poursuit, le risque de blessure augmente \u00e9galement. Cela peut \u00eatre \u00e9vit\u00e9 par un traitement ost\u00e9opathique prophylactique pr\u00e9coce.<\/p>\n<p><strong>Les plaintes apparaissent lorsque l&rsquo;organisme ne peut plus compenser la somme des dysfonctionnements. <\/strong><\/p>\n<p>Le blocage aigu de l&rsquo;articulation vert\u00e9brale, souvent accompagn\u00e9 de douleurs de type lumbagos, est un exemple typique d&rsquo;une accumulation de dysfonctionnements du syst\u00e8me musculo-squelettique. Il n&rsquo;y a pas de d\u00e9faut sp\u00e9cifique de l&rsquo;articulation vert\u00e9brale, mais seulement une restriction de la fonction, c&rsquo;est-\u00e0-dire de la mobilit\u00e9 normale de la vert\u00e8bre. Par cons\u00e9quent, rien ne sera visible sur une radiographie ou une imagerie par r\u00e9sonance magn\u00e9tique. Un examen fonctionnel doit \u00eatre effectu\u00e9, qui comprend, par exemple, un contr\u00f4le de la mobilit\u00e9 de la colonne vert\u00e9brale.<\/p>\n<p>L&rsquo;objectif du traitement ost\u00e9opathique est d&rsquo;am\u00e9liorer, d&rsquo;optimiser ou de restaurer la mobilit\u00e9 physiologique des structures.<\/p>\n<p>Il est important de savoir que la grande majorit\u00e9 des douleurs sont bas\u00e9es uniquement sur un dysfonctionnement et non sur une l\u00e9sion structurelle.<\/p>\n<p>Apr\u00e8s que le corps a \u00e9t\u00e9 lib\u00e9r\u00e9 de ses blessures, il est in\u00e9vitable d&rsquo;adapter temporairement les m\u00e9thodes d&rsquo;entra\u00eenement de mani\u00e8re ad\u00e9quate.<\/p>\n<\/div><\/section><\/p><\/div><\/p>\n\n<style type=\"text\/css\" data-created_by=\"avia_inline_auto\" id=\"style-css-av-9bkcc-f9859e18c96d96cb3be8a21943d265a0\">\n.flex_column.av-9bkcc-f9859e18c96d96cb3be8a21943d265a0{\nborder-radius:0px 0px 0px 0px;\npadding:0px 0px 0px 0px;\n}\n<\/style>\n<div  class='flex_column av-9bkcc-f9859e18c96d96cb3be8a21943d265a0 av_one_full  avia-builder-el-5  el_after_av_one_full  avia-builder-el-last  first flex_column_div av-zero-column-padding  column-top-margin'     ><p><div  class='avia-button-wrap av-kjwnyn9j-218f25a5ed34a68735bb94aa263ddd70-wrap avia-button-right  avia-builder-el-6  el_before_av_hr  avia-builder-el-first '>\n<style type=\"text\/css\" data-created_by=\"avia_inline_auto\" id=\"style-css-av-kjwnyn9j-218f25a5ed34a68735bb94aa263ddd70\">\n#top #wrap_all .avia-button.av-kjwnyn9j-218f25a5ed34a68735bb94aa263ddd70{\nbackground-color:#dadada;\nborder-color:#dadada;\ntransition:all 0.4s ease-in-out;\n}\n#top #wrap_all .avia-button.av-kjwnyn9j-218f25a5ed34a68735bb94aa263ddd70:hover{\nbackground-color:#b2b2b2;\ncolor:#ffffff;\ntransition:all 0.4s ease-in-out;\n}\n#top #wrap_all .avia-button.av-kjwnyn9j-218f25a5ed34a68735bb94aa263ddd70:hover .avia-svg-icon svg:first-child{\nfill:#ffffff;\nstroke:#ffffff;\n}\n<\/style>\n<a href='https:\/\/ralph-theissen.be\/fr\/osteopathie\/'  class='avia-button av-kjwnyn9j-218f25a5ed34a68735bb94aa263ddd70 av-link-btn avia-icon_select-yes-left-icon avia-size-small avia-position-right avia-font-color-theme-color'   aria-label=\"retour\"><span class='avia_button_icon avia_button_icon_left avia-iconfont avia-font-entypo-fontello' data-av_icon='\ue874' data-av_iconfont='entypo-fontello' ><\/span><span class='avia_iconbox_title' >retour<\/span><\/a><\/div><br \/>\n\n<style type=\"text\/css\" data-created_by=\"avia_inline_auto\" id=\"style-css-av-kjy1ek6e-2803a68e06f7c365d3100fc19fe86044\">\n#top .hr.hr-invisible.av-kjy1ek6e-2803a68e06f7c365d3100fc19fe86044{\nheight:50px;\n}\n<\/style>\n<div  class='hr av-kjy1ek6e-2803a68e06f7c365d3100fc19fe86044 hr-invisible  avia-builder-el-7  el_after_av_button  avia-builder-el-last '><span class='hr-inner '><span class=\"hr-inner-style\"><\/span><\/span><\/div><\/p><\/div>\n","protected":false},"excerpt":{"rendered":"","protected":false},"author":2,"featured_media":0,"parent":1977,"menu_order":5,"comment_status":"closed","ping_status":"closed","template":"","meta":{"footnotes":""},"class_list":["post-2008","page","type-page","status-publish","hentry"],"_links":{"self":[{"href":"https:\/\/ralph-theissen.be\/fr\/wp-json\/wp\/v2\/pages\/2008","targetHints":{"allow":["GET"]}}],"collection":[{"href":"https:\/\/ralph-theissen.be\/fr\/wp-json\/wp\/v2\/pages"}],"about":[{"href":"https:\/\/ralph-theissen.be\/fr\/wp-json\/wp\/v2\/types\/page"}],"author":[{"embeddable":true,"href":"https:\/\/ralph-theissen.be\/fr\/wp-json\/wp\/v2\/users\/2"}],"replies":[{"embeddable":true,"href":"https:\/\/ralph-theissen.be\/fr\/wp-json\/wp\/v2\/comments?post=2008"}],"version-history":[{"count":1,"href":"https:\/\/ralph-theissen.be\/fr\/wp-json\/wp\/v2\/pages\/2008\/revisions"}],"predecessor-version":[{"id":2009,"href":"https:\/\/ralph-theissen.be\/fr\/wp-json\/wp\/v2\/pages\/2008\/revisions\/2009"}],"up":[{"embeddable":true,"href":"https:\/\/ralph-theissen.be\/fr\/wp-json\/wp\/v2\/pages\/1977"}],"wp:attachment":[{"href":"https:\/\/ralph-theissen.be\/fr\/wp-json\/wp\/v2\/media?parent=2008"}],"curies":[{"name":"wp","href":"https:\/\/api.w.org\/{rel}","templated":true}]}}