{"id":2006,"date":"2021-01-14T13:37:14","date_gmt":"2021-01-14T13:37:14","guid":{"rendered":"https:\/\/ralph-theissen.be\/osteopathie\/pour-les-bebes\/"},"modified":"2024-03-18T14:19:31","modified_gmt":"2024-03-18T14:19:31","slug":"pour-les-bebes","status":"publish","type":"page","link":"https:\/\/ralph-theissen.be\/fr\/osteopathie\/pour-les-bebes\/","title":{"rendered":"pour les b\u00e9b\u00e9s"},"content":{"rendered":"\n<style type=\"text\/css\" data-created_by=\"avia_inline_auto\" id=\"style-css-av-cncuc-282e89f0748e0f3701ae2835fb1ec6ef\">\n.flex_column.av-cncuc-282e89f0748e0f3701ae2835fb1ec6ef{\nborder-radius:0px 0px 0px 0px;\npadding:0px 0px 0px 0px;\n}\n<\/style>\n<div  class='flex_column av-cncuc-282e89f0748e0f3701ae2835fb1ec6ef av_one_full  avia-builder-el-0  el_before_av_one_full  avia-builder-el-first  first flex_column_div av-zero-column-padding  '     ><style type=\"text\/css\" data-created_by=\"avia_inline_auto\" id=\"style-css-av-kjww8dav-603f4e0c2aa003aa3a6914a99b9a5a66\">\n\n@media only screen and (min-width: 480px) and (max-width: 767px){ \n#top .avia-slideshow .av-slideshow-caption.av-kjww8dav-603f4e0c2aa003aa3a6914a99b9a5a66__0 .avia-caption-content{\ndisplay:none;\n}\n#top .avia-slideshow .av-slideshow-caption.av-kjww8dav-603f4e0c2aa003aa3a6914a99b9a5a66__0 .avia-caption-content p{\ndisplay:none;\n}\n}\n\n@media only screen and (max-width: 479px){ \n#top .avia-slideshow .av-slideshow-caption.av-kjww8dav-603f4e0c2aa003aa3a6914a99b9a5a66__0 .avia-caption-content{\ndisplay:none;\n}\n#top .avia-slideshow .av-slideshow-caption.av-kjww8dav-603f4e0c2aa003aa3a6914a99b9a5a66__0 .avia-caption-content p{\ndisplay:none;\n}\n}\n<\/style>\n<div  class='avia-slideshow av-kjww8dav-603f4e0c2aa003aa3a6914a99b9a5a66 avia-slideshow-no scaling av_slideshow avia-slide-slider  avia-builder-el-1  avia-builder-el-no-sibling  av-slideshow-ui av-control-default av-slideshow-manual av-loop-once av-loop-manual-endless av-default-height-applied avia-slideshow-1' data-slideshow-options=\"{&quot;animation&quot;:&quot;slide&quot;,&quot;autoplay&quot;:false,&quot;loop_autoplay&quot;:&quot;once&quot;,&quot;interval&quot;:5,&quot;loop_manual&quot;:&quot;manual-endless&quot;,&quot;autoplay_stopper&quot;:false,&quot;noNavigation&quot;:false,&quot;bg_slider&quot;:false,&quot;keep_padding&quot;:false,&quot;hoverpause&quot;:false,&quot;show_slide_delay&quot;:0}\"  itemprop=\"image\" itemscope=\"itemscope\" itemtype=\"https:\/\/schema.org\/ImageObject\" ><ul class='avia-slideshow-inner ' style='padding-bottom: 50.15%;'><li  class='avia-slideshow-slide av-kjww8dav-603f4e0c2aa003aa3a6914a99b9a5a66__0  av-single-slide slide-1 slide-odd'><div data-rel='slideshow-1' class='avia-slide-wrap '   ><div class='av-slideshow-caption av-kjww8dav-603f4e0c2aa003aa3a6914a99b9a5a66__0 avia-caption'><div class=\"avia-inner-caption\"><div class='avia-caption-content '  itemprop=\"description\" ><p>Une bonne libert\u00e9 de mouvement holistique pour que les b\u00e9b\u00e9s puissent bien se d\u00e9velopper.<\/p>\n<\/div><\/div><\/div><img decoding=\"async\" fetchpriority=\"high\" class=\"wp-image-1934 avia-img-lazy-loading-not-1934\"  src=\"https:\/\/ralph-theissen.be\/wp-content\/uploads\/2021\/02\/THEISSENralph_osteo_folge_4.jpg\" width=\"2000\" height=\"1003\" title='' alt=''  itemprop=\"thumbnailUrl\" srcset=\"https:\/\/ralph-theissen.be\/wp-content\/uploads\/2021\/02\/THEISSENralph_osteo_folge_4.jpg 2000w, https:\/\/ralph-theissen.be\/wp-content\/uploads\/2021\/02\/THEISSENralph_osteo_folge_4-300x150.jpg 300w, https:\/\/ralph-theissen.be\/wp-content\/uploads\/2021\/02\/THEISSENralph_osteo_folge_4-1030x517.jpg 1030w, https:\/\/ralph-theissen.be\/wp-content\/uploads\/2021\/02\/THEISSENralph_osteo_folge_4-768x385.jpg 768w, https:\/\/ralph-theissen.be\/wp-content\/uploads\/2021\/02\/THEISSENralph_osteo_folge_4-1536x770.jpg 1536w, https:\/\/ralph-theissen.be\/wp-content\/uploads\/2021\/02\/THEISSENralph_osteo_folge_4-1500x752.jpg 1500w, https:\/\/ralph-theissen.be\/wp-content\/uploads\/2021\/02\/THEISSENralph_osteo_folge_4-705x354.jpg 705w\" sizes=\"(max-width: 2000px) 100vw, 2000px\" \/><\/div><\/li><\/ul><\/div><\/div>\n<style type=\"text\/css\" data-created_by=\"avia_inline_auto\" id=\"style-css-av-9ih-666d46482b8ecba0890fec787d491402\">\n.flex_column.av-9ih-666d46482b8ecba0890fec787d491402{\nborder-radius:0px 0px 0px 0px;\npadding:0px 0px 0px 0px;\n}\n<\/style>\n<div  class='flex_column av-9ih-666d46482b8ecba0890fec787d491402 av_one_full  avia-builder-el-2  el_after_av_one_full  el_before_av_one_full  first flex_column_div av-zero-column-padding  column-top-margin'     ><p>\n<style type=\"text\/css\" data-created_by=\"avia_inline_auto\" id=\"style-css-av-pli2-0a9a649fd96f79dfde516fba315f7cac\">\n#top .av-special-heading.av-pli2-0a9a649fd96f79dfde516fba315f7cac{\npadding-bottom:10px;\n}\nbody .av-special-heading.av-pli2-0a9a649fd96f79dfde516fba315f7cac .av-special-heading-tag .heading-char{\nfont-size:25px;\n}\n.av-special-heading.av-pli2-0a9a649fd96f79dfde516fba315f7cac .av-subheading{\nfont-size:15px;\n}\n<\/style>\n<div  class='av-special-heading av-pli2-0a9a649fd96f79dfde516fba315f7cac av-special-heading-h3  avia-builder-el-3  el_before_av_textblock  avia-builder-el-first '><h3 class='av-special-heading-tag '  itemprop=\"headline\"  >L\u2019ost\u00e9opathie pour les b\u00e9b\u00e9s est populaire, pourquoi en fait ?<\/h3><div class=\"special-heading-border\"><div class=\"special-heading-inner-border\"><\/div><\/div><\/div><br \/>\n<section  class='av_textblock_section av-kj05xhh6-1d4766732537f591e956c63197135445 '   itemscope=\"itemscope\" itemtype=\"https:\/\/schema.org\/CreativeWork\" ><div class='avia_textblock'  itemprop=\"text\" ><p>L&rsquo;ost\u00e9opathie est une th\u00e9rapie holistique du corps dans laquelle les mains sont utilis\u00e9es comme moyen de traitement doux. L&rsquo;ost\u00e9opathie d\u00e9tecte les perturbations de la mobilit\u00e9 dans l&rsquo;ensemble du syst\u00e8me corporel. Elle fait appel aux capacit\u00e9s d&rsquo;autogu\u00e9rison du corps et peut \u00eatre utilis\u00e9e avant tout pour les troubles fonctionnels.<\/p>\n<p>C&rsquo;est pourquoi cette th\u00e9rapie est particuli\u00e8rement adapt\u00e9e aux b\u00e9b\u00e9s. Pour que les b\u00e9b\u00e9s se d\u00e9veloppent bien, une bonne libert\u00e9 de mouvement globale est d&rsquo;un grand avantage.<\/p>\n<p>L&rsquo;ost\u00e9opathie repose sur l&rsquo;id\u00e9e que toutes les structures du corps sont en mouvement constant. Les structures de type tissu conjonctif forment les connexions de toutes les structures et peuvent id\u00e9alement transmettre les forces exerc\u00e9es \u00e0 d&rsquo;autres structures. Cependant, si la mobilit\u00e9 d&rsquo;une structure corporelle est limit\u00e9e, les forces exerc\u00e9es ne sont plus transmises de mani\u00e8re id\u00e9ale. Cela entra\u00eene des tensions tissulaires et des probl\u00e8mes fonctionnels.<\/p>\n<p>En voici un exemple :<\/p>\n<p>Si la mobilit\u00e9 de la colonne cervicale d&rsquo;un b\u00e9b\u00e9 est limit\u00e9e en raison de la grossesse (position dans l&rsquo;ut\u00e9rus) ou \u00e0 la suite de la naissance, cela entra\u00eene une tension dans les structures tissulaires du cou et du cr\u00e2ne. La mobilit\u00e9 de la t\u00eate est limit\u00e9e. Cela peut se manifester sur le syst\u00e8me musculo-squelettique des b\u00e9b\u00e9s par un positionnement unilat\u00e9ral de la t\u00eate (torticolis), des difficult\u00e9s \u00e0 mettre le b\u00e9b\u00e9 au sein lors de l&rsquo;allaitement, des probl\u00e8mes de position couch\u00e9e et une restriction de la mobilit\u00e9 g\u00e9n\u00e9rale. D&rsquo;autres plaintes connexes sont des difficult\u00e9s de succion et de d\u00e9glutition, des coliques, des probl\u00e8mes de sommeil ou des pleurs fr\u00e9quents. La position unilat\u00e9rale signifie \u00e9galement que les os du cr\u00e2ne sont soumis \u00e0 une tension positionnelle par la masse c\u00e9r\u00e9brale. Comme les os du cr\u00e2ne ne sont pas encore soud\u00e9s chez le b\u00e9b\u00e9, cela peut entra\u00eener des d\u00e9formations fonctionnelles asym\u00e9triques de la t\u00eate &#8211; la plagioc\u00e9phalie positionnelle.<\/p>\n<p>\u00c9tant donn\u00e9 que le corps forme une unit\u00e9 et que toutes les diff\u00e9rentes fonctions du corps sont reli\u00e9es d&rsquo;une mani\u00e8re ou d&rsquo;une autre, les probl\u00e8mes de digestion, de d\u00e9glutition et de sommeil sont aussi g\u00e9n\u00e9ralement am\u00e9lior\u00e9s par un traitement ost\u00e9opathique.<\/p>\n<p>Gr\u00e2ce \u00e0 des techniques de pression douce, l&rsquo;ost\u00e9opathe peut utiliser sp\u00e9cifiquement le pouvoir des mains. Cela conduit \u00e0 la lib\u00e9ration des tensions et \u00e0 la mobilit\u00e9 accrue des structures. Gr\u00e2ce \u00e0 la force active du b\u00e9b\u00e9, l&rsquo;ensemble du corps peut gagner en mobilit\u00e9.<\/p>\n<p><strong>L&rsquo;ost\u00e9opathie a ses limites<\/strong><\/p>\n<p>L&rsquo;ost\u00e9opathie se consid\u00e8re comme un compl\u00e9ment \u00e0 la m\u00e9decine conventionnelle et aux autres formes de th\u00e9rapie. En tant que m\u00e9thode holistique, elle conna\u00eet un large \u00e9ventail de traitements, mais a aussi des limites claires. L&rsquo;ost\u00e9opathie est une m\u00e9thode de traitement orient\u00e9e vers la fonction. En cas de maladie, il faut donc toujours consulter un m\u00e9decin en premier lieu.<\/p>\n<p><strong>Chaque b\u00e9b\u00e9 doit-il voir un ost\u00e9opathe ?<\/strong><\/p>\n<p>De mani\u00e8re pr\u00e9ventive, chaque b\u00e9b\u00e9 peut consulter un ost\u00e9opathe. Sur recommandation, chaque b\u00e9b\u00e9 devrait faire l&rsquo;objet d&rsquo;un examen ost\u00e9opathique dans les quatre premi\u00e8res semaines suivant sa naissance. Plus les dysfonctionnements ou les blocages sont d\u00e9tect\u00e9s t\u00f4t, plus il est facile de les corriger et donc de contrer \u00e9ventuellement les difficult\u00e9s de d\u00e9veloppement ult\u00e9rieures.<\/p>\n<p>Les b\u00e9b\u00e9s r\u00e9agissent g\u00e9n\u00e9ralement rapidement aux douces impulsions de l&rsquo;ost\u00e9opathie et ne n\u00e9cessitent donc souvent qu&rsquo;une ou deux s\u00e9ances.<\/p>\n<\/div><\/section><\/p><\/div><\/p>\n\n<style type=\"text\/css\" data-created_by=\"avia_inline_auto\" id=\"style-css-av-9ih-666d46482b8ecba0890fec787d491402\">\n.flex_column.av-9ih-666d46482b8ecba0890fec787d491402{\nborder-radius:0px 0px 0px 0px;\npadding:0px 0px 0px 0px;\n}\n<\/style>\n<div  class='flex_column av-9ih-666d46482b8ecba0890fec787d491402 av_one_full  avia-builder-el-5  el_after_av_one_full  el_before_av_one_full  first flex_column_div av-zero-column-padding  column-top-margin'     ><\/div>\n\n<style type=\"text\/css\" data-created_by=\"avia_inline_auto\" id=\"style-css-av-9ih-666d46482b8ecba0890fec787d491402\">\n.flex_column.av-9ih-666d46482b8ecba0890fec787d491402{\nborder-radius:0px 0px 0px 0px;\npadding:0px 0px 0px 0px;\n}\n<\/style>\n<div  class='flex_column av-9ih-666d46482b8ecba0890fec787d491402 av_one_full  avia-builder-el-6  el_after_av_one_full  avia-builder-el-last  first flex_column_div av-zero-column-padding  column-top-margin'     ><p><div  class='avia-button-wrap av-kjwnyn9j-218f25a5ed34a68735bb94aa263ddd70-wrap avia-button-right  avia-builder-el-7  el_before_av_hr  avia-builder-el-first '>\n<style type=\"text\/css\" data-created_by=\"avia_inline_auto\" id=\"style-css-av-kjwnyn9j-218f25a5ed34a68735bb94aa263ddd70\">\n#top #wrap_all .avia-button.av-kjwnyn9j-218f25a5ed34a68735bb94aa263ddd70{\nbackground-color:#dadada;\nborder-color:#dadada;\ntransition:all 0.4s ease-in-out;\n}\n#top #wrap_all .avia-button.av-kjwnyn9j-218f25a5ed34a68735bb94aa263ddd70:hover{\nbackground-color:#b2b2b2;\ncolor:#ffffff;\ntransition:all 0.4s ease-in-out;\n}\n#top #wrap_all .avia-button.av-kjwnyn9j-218f25a5ed34a68735bb94aa263ddd70:hover .avia-svg-icon svg:first-child{\nfill:#ffffff;\nstroke:#ffffff;\n}\n<\/style>\n<a href='https:\/\/ralph-theissen.be\/fr\/osteopathie\/'  class='avia-button av-kjwnyn9j-218f25a5ed34a68735bb94aa263ddd70 av-link-btn avia-icon_select-yes-left-icon avia-size-small avia-position-right avia-font-color-theme-color'   aria-label=\"retour\"><span class='avia_button_icon avia_button_icon_left avia-iconfont avia-font-entypo-fontello' data-av_icon='\ue874' data-av_iconfont='entypo-fontello' ><\/span><span class='avia_iconbox_title' >retour<\/span><\/a><\/div><br \/>\n\n<style type=\"text\/css\" data-created_by=\"avia_inline_auto\" id=\"style-css-av-kjy1e0o5-02afae3b722473ea312c724a5edf39aa\">\n#top .hr.hr-invisible.av-kjy1e0o5-02afae3b722473ea312c724a5edf39aa{\nheight:50px;\n}\n<\/style>\n<div  class='hr av-kjy1e0o5-02afae3b722473ea312c724a5edf39aa hr-invisible  avia-builder-el-8  el_after_av_button  avia-builder-el-last '><span class='hr-inner '><span class=\"hr-inner-style\"><\/span><\/span><\/div><\/p><\/div>\n","protected":false},"excerpt":{"rendered":"","protected":false},"author":2,"featured_media":0,"parent":1977,"menu_order":4,"comment_status":"closed","ping_status":"closed","template":"","meta":{"footnotes":""},"class_list":["post-2006","page","type-page","status-publish","hentry"],"_links":{"self":[{"href":"https:\/\/ralph-theissen.be\/fr\/wp-json\/wp\/v2\/pages\/2006","targetHints":{"allow":["GET"]}}],"collection":[{"href":"https:\/\/ralph-theissen.be\/fr\/wp-json\/wp\/v2\/pages"}],"about":[{"href":"https:\/\/ralph-theissen.be\/fr\/wp-json\/wp\/v2\/types\/page"}],"author":[{"embeddable":true,"href":"https:\/\/ralph-theissen.be\/fr\/wp-json\/wp\/v2\/users\/2"}],"replies":[{"embeddable":true,"href":"https:\/\/ralph-theissen.be\/fr\/wp-json\/wp\/v2\/comments?post=2006"}],"version-history":[{"count":1,"href":"https:\/\/ralph-theissen.be\/fr\/wp-json\/wp\/v2\/pages\/2006\/revisions"}],"predecessor-version":[{"id":2007,"href":"https:\/\/ralph-theissen.be\/fr\/wp-json\/wp\/v2\/pages\/2006\/revisions\/2007"}],"up":[{"embeddable":true,"href":"https:\/\/ralph-theissen.be\/fr\/wp-json\/wp\/v2\/pages\/1977"}],"wp:attachment":[{"href":"https:\/\/ralph-theissen.be\/fr\/wp-json\/wp\/v2\/media?parent=2006"}],"curies":[{"name":"wp","href":"https:\/\/api.w.org\/{rel}","templated":true}]}}