{"id":2003,"date":"2021-01-14T13:38:56","date_gmt":"2021-01-14T13:38:56","guid":{"rendered":"https:\/\/ralph-theissen.be\/osteopathie\/quand-losteopathie-est-elle-utile\/"},"modified":"2024-03-18T14:13:56","modified_gmt":"2024-03-18T14:13:56","slug":"quand-losteopathie-est-elle-utile","status":"publish","type":"page","link":"https:\/\/ralph-theissen.be\/fr\/osteopathie\/quand-losteopathie-est-elle-utile\/","title":{"rendered":"Quand l&rsquo;ost\u00e9opathie est-elle utile ?"},"content":{"rendered":"\n<style type=\"text\/css\" data-created_by=\"avia_inline_auto\" id=\"style-css-av-cncuc-282e89f0748e0f3701ae2835fb1ec6ef\">\n.flex_column.av-cncuc-282e89f0748e0f3701ae2835fb1ec6ef{\nborder-radius:0px 0px 0px 0px;\npadding:0px 0px 0px 0px;\n}\n<\/style>\n<div  class='flex_column av-cncuc-282e89f0748e0f3701ae2835fb1ec6ef av_one_full  avia-builder-el-0  el_before_av_one_full  avia-builder-el-first  first flex_column_div av-zero-column-padding  '     ><style type=\"text\/css\" data-created_by=\"avia_inline_auto\" id=\"style-css-av-kjww8dav-603f4e0c2aa003aa3a6914a99b9a5a66\">\n\n@media only screen and (min-width: 480px) and (max-width: 767px){ \n#top .avia-slideshow .av-slideshow-caption.av-kjww8dav-603f4e0c2aa003aa3a6914a99b9a5a66__0 .avia-caption-content{\ndisplay:none;\n}\n#top .avia-slideshow .av-slideshow-caption.av-kjww8dav-603f4e0c2aa003aa3a6914a99b9a5a66__0 .avia-caption-content p{\ndisplay:none;\n}\n}\n\n@media only screen and (max-width: 479px){ \n#top .avia-slideshow .av-slideshow-caption.av-kjww8dav-603f4e0c2aa003aa3a6914a99b9a5a66__0 .avia-caption-content{\ndisplay:none;\n}\n#top .avia-slideshow .av-slideshow-caption.av-kjww8dav-603f4e0c2aa003aa3a6914a99b9a5a66__0 .avia-caption-content p{\ndisplay:none;\n}\n}\n<\/style>\n<div  class='avia-slideshow av-kjww8dav-603f4e0c2aa003aa3a6914a99b9a5a66 avia-slideshow-no scaling av_slideshow avia-slide-slider  avia-builder-el-1  avia-builder-el-no-sibling  av-slideshow-ui av-control-default av-slideshow-manual av-loop-once av-loop-manual-endless av-default-height-applied avia-slideshow-1' data-slideshow-options=\"{&quot;animation&quot;:&quot;slide&quot;,&quot;autoplay&quot;:false,&quot;loop_autoplay&quot;:&quot;once&quot;,&quot;interval&quot;:5,&quot;loop_manual&quot;:&quot;manual-endless&quot;,&quot;autoplay_stopper&quot;:false,&quot;noNavigation&quot;:false,&quot;bg_slider&quot;:false,&quot;keep_padding&quot;:false,&quot;hoverpause&quot;:false,&quot;show_slide_delay&quot;:0}\"  itemprop=\"image\" itemscope=\"itemscope\" itemtype=\"https:\/\/schema.org\/ImageObject\" ><ul class='avia-slideshow-inner ' style='padding-bottom: 50.15%;'><li  class='avia-slideshow-slide av-kjww8dav-603f4e0c2aa003aa3a6914a99b9a5a66__0  av-single-slide slide-1 slide-odd'><div data-rel='slideshow-1' class='avia-slide-wrap '   ><div class='av-slideshow-caption av-kjww8dav-603f4e0c2aa003aa3a6914a99b9a5a66__0 avia-caption'><div class=\"avia-inner-caption\"><div class='avia-caption-content '  itemprop=\"description\" ><p>Utilisation de pressions douces avec les mains et de techniques de prises en charge sp\u00e9ciales pour corriger les troubles fonctionnels et les modifications structurelles.<\/p>\n<\/div><\/div><\/div><img decoding=\"async\" fetchpriority=\"high\" class=\"wp-image-1935 avia-img-lazy-loading-not-1935\"  src=\"https:\/\/ralph-theissen.be\/wp-content\/uploads\/2021\/02\/THEISSENralph_osteo_folge_3.jpg\" width=\"2000\" height=\"1003\" title='' alt=''  itemprop=\"thumbnailUrl\" srcset=\"https:\/\/ralph-theissen.be\/wp-content\/uploads\/2021\/02\/THEISSENralph_osteo_folge_3.jpg 2000w, https:\/\/ralph-theissen.be\/wp-content\/uploads\/2021\/02\/THEISSENralph_osteo_folge_3-300x150.jpg 300w, https:\/\/ralph-theissen.be\/wp-content\/uploads\/2021\/02\/THEISSENralph_osteo_folge_3-1030x517.jpg 1030w, https:\/\/ralph-theissen.be\/wp-content\/uploads\/2021\/02\/THEISSENralph_osteo_folge_3-768x385.jpg 768w, https:\/\/ralph-theissen.be\/wp-content\/uploads\/2021\/02\/THEISSENralph_osteo_folge_3-1536x770.jpg 1536w, https:\/\/ralph-theissen.be\/wp-content\/uploads\/2021\/02\/THEISSENralph_osteo_folge_3-1500x752.jpg 1500w, https:\/\/ralph-theissen.be\/wp-content\/uploads\/2021\/02\/THEISSENralph_osteo_folge_3-705x354.jpg 705w\" sizes=\"(max-width: 2000px) 100vw, 2000px\" \/><\/div><\/li><\/ul><\/div><\/div>\n<style type=\"text\/css\" data-created_by=\"avia_inline_auto\" id=\"style-css-av-9ih-666d46482b8ecba0890fec787d491402\">\n.flex_column.av-9ih-666d46482b8ecba0890fec787d491402{\nborder-radius:0px 0px 0px 0px;\npadding:0px 0px 0px 0px;\n}\n<\/style>\n<div  class='flex_column av-9ih-666d46482b8ecba0890fec787d491402 av_one_full  avia-builder-el-2  el_after_av_one_full  el_before_av_one_half  first flex_column_div av-zero-column-padding  column-top-margin'     ><p>\n<style type=\"text\/css\" data-created_by=\"avia_inline_auto\" id=\"style-css-av-8o1zz-d9509e4e9724c2f686331eb6252dc9b0\">\n#top .av-special-heading.av-8o1zz-d9509e4e9724c2f686331eb6252dc9b0{\npadding-bottom:10px;\n}\nbody .av-special-heading.av-8o1zz-d9509e4e9724c2f686331eb6252dc9b0 .av-special-heading-tag .heading-char{\nfont-size:25px;\n}\n.av-special-heading.av-8o1zz-d9509e4e9724c2f686331eb6252dc9b0 .av-subheading{\nfont-size:15px;\n}\n<\/style>\n<div  class='av-special-heading av-8o1zz-d9509e4e9724c2f686331eb6252dc9b0 av-special-heading-h3  avia-builder-el-3  el_before_av_textblock  avia-builder-el-first '><h3 class='av-special-heading-tag '  itemprop=\"headline\"  >Quand l\u2019ost\u00e9opathie est-elle utile ?<\/h3><div class=\"special-heading-border\"><div class=\"special-heading-inner-border\"><\/div><\/div><\/div><br \/>\n<section  class='av_textblock_section av-kj05xhh6-1d4766732537f591e956c63197135445 '   itemscope=\"itemscope\" itemtype=\"https:\/\/schema.org\/CreativeWork\" ><div class='avia_textblock'  itemprop=\"text\" ><p>En ost\u00e9opathie, le corps est divis\u00e9 en trois zones. Pour chacune, il existe des techniques de prise en charge et de traitement sp\u00e9ciales, adapt\u00e9es \u00e0 la structure corporelle correspondante. &#8211;<\/p>\n<ul>\n<li>l&rsquo;ost\u00e9opathie pari\u00e9tale soutient le syst\u00e8me musculo-squelettique<\/li>\n<li>l&rsquo;ost\u00e9opathie cranio-sacr\u00e9e soutient le syst\u00e8me nerveux et la moelle \u00e9pini\u00e8re<\/li>\n<li>l&rsquo;ost\u00e9opathie visc\u00e9rale soutient les organes internes<\/li>\n<\/ul>\n<p>Par des pressions douces avec les mains et des techniques de prise en charge sp\u00e9ciales, les ost\u00e9opathes ressentent les troubles fonctionnels et les modifications structurelles. Une connaissance approfondie de l&rsquo;anatomie et de l&rsquo;interaction des diff\u00e9rentes structures du corps est une condition pr\u00e9alable \u00e0 la r\u00e9ussite du traitement.<\/p>\n<p><strong>L&rsquo;ost\u00e9opathie<\/strong><strong>pour le syst\u00e8me musculo-squelettique <\/strong><\/p>\n<p>Les troubles de l&rsquo;appareil locomoteur, qui entra\u00eenent g\u00e9n\u00e9ralement des restrictions de mouvement douloureuses, peuvent \u00eatre trait\u00e9s de mani\u00e8re sp\u00e9cifique gr\u00e2ce \u00e0 diff\u00e9rentes techniques de prise en charge.<br \/>\nTension musculaire apr\u00e8s un surentra\u00eenement<br \/>\nCons\u00e9quences des blessures<br \/>\nDouleurs dorsales et articulaires<\/p>\n<p><strong>Ost\u00e9opathie pour le syst\u00e8me nerveux et la moelle \u00e9pini\u00e8re<\/strong><\/p>\n<p>&#8211; Maux de t\u00eate<br \/>\n&#8211; \u00e9tourdissement \/ vertiges<br \/>\n&#8211; troubles du sommeil<br \/>\n&#8211; probl\u00e8mes d&rsquo;articulation temporo-mandibulaire<br \/>\n&#8211; malocclusion<\/p>\n<p>Des poign\u00e9es sp\u00e9ciales sur le cr\u00e2ne (cranium), sur le sacrum ainsi que via les axes neuronaux, permettent un \u00e9quilibre des tensions ou une am\u00e9lioration fonctionnelle. L&rsquo;autor\u00e9gulation du corps est soutenue et activ\u00e9e, la fonction vitale est am\u00e9lior\u00e9e. \u00c9tant donn\u00e9 que le syst\u00e8me nerveux, en tant que point de commutation, stimule et r\u00e9gule toutes les r\u00e9gions du corps, les organes internes et le syst\u00e8me musculo-squelettique sont \u00e9galement stimul\u00e9s.<\/p>\n<p><strong>Ost\u00e9opathie pour les organes internes<\/strong><\/p>\n<p>&#8211; Douleurs d&rsquo;estomac, probl\u00e8mes de reflux<br \/>\n&#8211; Probl\u00e8mes gyn\u00e9cologiques\/ organes pelviens\/ prostate<br \/>\n&#8211; Douleurs cons\u00e9cutives \u00e0 des op\u00e9rations<\/p>\n<p>Les organes internes sont reli\u00e9s entre eux et aux structures environnantes par diverses structures tissulaires. Une fonction intestinale perturb\u00e9e entra\u00eene souvent des probl\u00e8mes de dos et\/ou vice versa. L&rsquo;ost\u00e9opathe conna\u00eet les connexions anatomiques et fonctionnelles et peut influencer les dysfonctionnements par des pressions douces cibl\u00e9es.<\/p>\n<\/div><\/section><br \/>\n\n<style type=\"text\/css\" data-created_by=\"avia_inline_auto\" id=\"style-css-av-kj02fsey-7947dc6dc637ac2b04a43cf327b94834\">\n#top .hr.hr-invisible.av-kj02fsey-7947dc6dc637ac2b04a43cf327b94834{\nheight:50px;\n}\n<\/style>\n<div  class='hr av-kj02fsey-7947dc6dc637ac2b04a43cf327b94834 hr-invisible  avia-builder-el-5  el_after_av_textblock  avia-builder-el-last '><span class='hr-inner '><span class=\"hr-inner-style\"><\/span><\/span><\/div><\/p><\/div><\/p>\n\n<style type=\"text\/css\" data-created_by=\"avia_inline_auto\" id=\"style-css-av-9ih-434d4fca132b5e159830208f06e8b7af\">\n#top .flex_column.av-9ih-434d4fca132b5e159830208f06e8b7af{\nmargin-top:-10px;\nmargin-bottom:-10px;\n}\n.flex_column.av-9ih-434d4fca132b5e159830208f06e8b7af{\nborder-radius:0px 0px 0px 0px;\npadding:0px 0px 0px 0px;\n}\n.responsive #top #wrap_all .flex_column.av-9ih-434d4fca132b5e159830208f06e8b7af{\nmargin-top:-10px;\nmargin-bottom:-10px;\n}\n<\/style>\n<div  class='flex_column av-9ih-434d4fca132b5e159830208f06e8b7af av_one_half  avia-builder-el-6  el_after_av_one_full  el_before_av_one_half  first flex_column_div av-zero-column-padding  column-top-margin'     ><p><section  class='av_textblock_section av-kj05xhh6-1d4766732537f591e956c63197135445 '   itemscope=\"itemscope\" itemtype=\"https:\/\/schema.org\/CreativeWork\" ><div class='avia_textblock'  itemprop=\"text\" ><p><strong>Applications courantes :<\/strong><\/p>\n<\/div><\/section><br \/>\n<section  class='av_textblock_section av-kj05xhh6-1d4766732537f591e956c63197135445 '   itemscope=\"itemscope\" itemtype=\"https:\/\/schema.org\/CreativeWork\" ><div class='avia_textblock'  itemprop=\"text\" ><ul>\n<li style=\"list-style-type: none\">\n<ul>\n<li>Maux de dos et de cou<\/li>\n<li>Tensions<\/li>\n<li>Hernies discales<\/li>\n<li>Arthrose<\/li>\n<li>Mauvaise posture<\/li>\n<li>Probl\u00e8mes au niveau des articulations, des muscles ou des tendons<\/li>\n<li>Douleurs concernant l&rsquo;\u00e9paule<\/li>\n<li>Douleur pelvienne<\/li>\n<li>Blessures sportives<\/li>\n<li>Maux de t\u00eate et migraines<\/li>\n<li>Vertiges<\/li>\n<\/ul>\n<\/li>\n<\/ul>\n<\/div><\/section><\/p><\/div>\n\n<style type=\"text\/css\" data-created_by=\"avia_inline_auto\" id=\"style-css-av-9ih-8712da2d754fce251c7dbca625089c41\">\n#top .flex_column.av-9ih-8712da2d754fce251c7dbca625089c41{\nmargin-top:-10px;\nmargin-bottom:-10px;\n}\n.flex_column.av-9ih-8712da2d754fce251c7dbca625089c41{\nborder-radius:0px 0px 0px 0px;\npadding:0px 0px 0px 0px;\n}\n.responsive #top #wrap_all .flex_column.av-9ih-8712da2d754fce251c7dbca625089c41{\nmargin-top:-10px;\nmargin-bottom:-10px;\n}\n<\/style>\n<div  class='flex_column av-9ih-8712da2d754fce251c7dbca625089c41 av_one_half  avia-builder-el-9  el_after_av_one_half  el_before_av_one_half  flex_column_div av-zero-column-padding  column-top-margin'     ><p>\n<style type=\"text\/css\" data-created_by=\"avia_inline_auto\" id=\"style-css-av-kj02fsey-7947dc6dc637ac2b04a43cf327b94834\">\n#top .hr.hr-invisible.av-kj02fsey-7947dc6dc637ac2b04a43cf327b94834{\nheight:50px;\n}\n<\/style>\n<div  class='hr av-kj02fsey-7947dc6dc637ac2b04a43cf327b94834 hr-invisible  avia-builder-el-10  el_before_av_textblock  avia-builder-el-first '><span class='hr-inner '><span class=\"hr-inner-style\"><\/span><\/span><\/div><br \/>\n<section  class='av_textblock_section av-kj05xhh6-1d4766732537f591e956c63197135445 '   itemscope=\"itemscope\" itemtype=\"https:\/\/schema.org\/CreativeWork\" ><div class='avia_textblock'  itemprop=\"text\" ><ul>\n<li style=\"list-style-type: none\">\n<ul>\n<li>Acouph\u00e8nes<\/li>\n<li>Probl\u00e8mes d\u2019articulation temporo-mandibulaire<\/li>\n<li>Troubles du sommeil et de la concentration<\/li>\n<li>Coup du lapin<\/li>\n<li>Probl\u00e8mes d\u2019estomac\/intestinaux<\/li>\n<li>Constipation<\/li>\n<li>Abdomen gonfl\u00e9<\/li>\n<li>Incontinence<\/li>\n<li>Probl\u00e8mes de grossesse<\/li>\n<li>Crampes menstruelles<\/li>\n<li>Douleurs postnatales<\/li>\n<\/ul>\n<\/li>\n<\/ul>\n<\/div><\/section><\/p><\/div>\n\n<style type=\"text\/css\" data-created_by=\"avia_inline_auto\" id=\"style-css-av-9ih-666d46482b8ecba0890fec787d491402\">\n.flex_column.av-9ih-666d46482b8ecba0890fec787d491402{\nborder-radius:0px 0px 0px 0px;\npadding:0px 0px 0px 0px;\n}\n<\/style>\n<div  class='flex_column av-9ih-666d46482b8ecba0890fec787d491402 av_one_half  avia-builder-el-12  el_after_av_one_half  el_before_av_one_half  first flex_column_div av-zero-column-padding  column-top-margin'     ><p><section  class='av_textblock_section av-kj05xhh6-1d4766732537f591e956c63197135445 '   itemscope=\"itemscope\" itemtype=\"https:\/\/schema.org\/CreativeWork\" ><div class='avia_textblock'  itemprop=\"text\" ><p><strong>Applications chez les nourrissons et les jeunes enfants :<\/strong><\/p>\n<\/div><\/section><br \/>\n<section  class='av_textblock_section av-kj05xhh6-1d4766732537f591e956c63197135445 '   itemscope=\"itemscope\" itemtype=\"https:\/\/schema.org\/CreativeWork\" ><div class='avia_textblock'  itemprop=\"text\" ><ul>\n<li style=\"list-style-type: none\">\n<ul>\n<li>Les crises de pleurs des b\u00e9b\u00e9s<\/li>\n<li>Les enfants qui crachent<\/li>\n<li>Troubles du sommeil<\/li>\n<li>Coliques du nourrisson<\/li>\n<li>Hyperactivit\u00e9<\/li>\n<li>Asym\u00e9trie cr\u00e2nienne<\/li>\n<li>Posture de pr\u00e9-orientation (pr\u00e9f\u00e9rence pour un c\u00f4t\u00e9)<\/li>\n<li>Retard moteur ou linguistique<\/li>\n<li>Troubles de la perception<\/li>\n<li>Malposition scoliotique<\/li>\n<li>Le syndrome KiSS<\/li>\n<li>Maux de t\u00eate<\/li>\n<li>Douleur au dos<\/li>\n<\/ul>\n<\/li>\n<\/ul>\n<\/div><\/section><br \/>\n\n<style type=\"text\/css\" data-created_by=\"avia_inline_auto\" id=\"style-css-av-kj02fsey-7947dc6dc637ac2b04a43cf327b94834\">\n#top .hr.hr-invisible.av-kj02fsey-7947dc6dc637ac2b04a43cf327b94834{\nheight:50px;\n}\n<\/style>\n<div  class='hr av-kj02fsey-7947dc6dc637ac2b04a43cf327b94834 hr-invisible  avia-builder-el-15  el_after_av_textblock  avia-builder-el-last '><span class='hr-inner '><span class=\"hr-inner-style\"><\/span><\/span><\/div><\/p><\/div>\n\n<style type=\"text\/css\" data-created_by=\"avia_inline_auto\" id=\"style-css-av-9ih-8712da2d754fce251c7dbca625089c41\">\n.flex_column.av-9ih-8712da2d754fce251c7dbca625089c41{\nborder-radius:0px 0px 0px 0px;\npadding:0px 0px 0px 0px;\n}\n<\/style>\n<div  class='flex_column av-9ih-8712da2d754fce251c7dbca625089c41 av_one_half  avia-builder-el-16  el_after_av_one_half  el_before_av_one_full  flex_column_div av-zero-column-padding  column-top-margin'     ><p><section  class='av_textblock_section av-kj05xhh6-1d4766732537f591e956c63197135445 '   itemscope=\"itemscope\" itemtype=\"https:\/\/schema.org\/CreativeWork\" ><div class='avia_textblock'  itemprop=\"text\" ><p><strong>Applications pour les personnes actives et les athl\u00e8tes :<\/strong><\/p>\n<\/div><\/section><br \/>\n<section  class='av_textblock_section av-kj05xhh6-1d4766732537f591e956c63197135445 '   itemscope=\"itemscope\" itemtype=\"https:\/\/schema.org\/CreativeWork\" ><div class='avia_textblock'  itemprop=\"text\" ><ul>\n<li style=\"list-style-type: none\">\n<ul>\n<li>Blessures musculaires r\u00e9currentes<\/li>\n<\/ul>\n<ul>\n<li>Augmentation de la capacit\u00e9 et des performances vitales<\/li>\n<li>Pr\u00e9vention des blessures<\/li>\n<li>Soulagement de la fatigue<\/li>\n<li>Renforcement du syst\u00e8me immunitaire<\/li>\n<\/ul>\n<\/li>\n<\/ul>\n<\/div><\/section><br \/>\n\n<style type=\"text\/css\" data-created_by=\"avia_inline_auto\" id=\"style-css-av-kj02fsey-7947dc6dc637ac2b04a43cf327b94834\">\n#top .hr.hr-invisible.av-kj02fsey-7947dc6dc637ac2b04a43cf327b94834{\nheight:50px;\n}\n<\/style>\n<div  class='hr av-kj02fsey-7947dc6dc637ac2b04a43cf327b94834 hr-invisible  avia-builder-el-19  el_after_av_textblock  avia-builder-el-last '><span class='hr-inner '><span class=\"hr-inner-style\"><\/span><\/span><\/div><\/p><\/div>\n\n<style type=\"text\/css\" data-created_by=\"avia_inline_auto\" id=\"style-css-av-9ih-666d46482b8ecba0890fec787d491402\">\n.flex_column.av-9ih-666d46482b8ecba0890fec787d491402{\nborder-radius:0px 0px 0px 0px;\npadding:0px 0px 0px 0px;\n}\n<\/style>\n<div  class='flex_column av-9ih-666d46482b8ecba0890fec787d491402 av_one_full  avia-builder-el-20  el_after_av_one_half  avia-builder-el-last  first flex_column_div av-zero-column-padding  column-top-margin'     ><p><div  class='avia-button-wrap av-kjwnyn9j-218f25a5ed34a68735bb94aa263ddd70-wrap avia-button-right  avia-builder-el-21  el_before_av_hr  avia-builder-el-first '>\n<style type=\"text\/css\" data-created_by=\"avia_inline_auto\" id=\"style-css-av-kjwnyn9j-218f25a5ed34a68735bb94aa263ddd70\">\n#top #wrap_all .avia-button.av-kjwnyn9j-218f25a5ed34a68735bb94aa263ddd70{\nbackground-color:#dadada;\nborder-color:#dadada;\ntransition:all 0.4s ease-in-out;\n}\n#top #wrap_all .avia-button.av-kjwnyn9j-218f25a5ed34a68735bb94aa263ddd70:hover{\nbackground-color:#b2b2b2;\ncolor:#ffffff;\ntransition:all 0.4s ease-in-out;\n}\n#top #wrap_all .avia-button.av-kjwnyn9j-218f25a5ed34a68735bb94aa263ddd70:hover .avia-svg-icon svg:first-child{\nfill:#ffffff;\nstroke:#ffffff;\n}\n<\/style>\n<a href='https:\/\/ralph-theissen.be\/fr\/osteopathie\/'  class='avia-button av-kjwnyn9j-218f25a5ed34a68735bb94aa263ddd70 av-link-btn avia-icon_select-yes-left-icon avia-size-small avia-position-right avia-font-color-theme-color'   aria-label=\"retour\"><span class='avia_button_icon avia_button_icon_left avia-iconfont avia-font-entypo-fontello' data-av_icon='\ue874' data-av_iconfont='entypo-fontello' ><\/span><span class='avia_iconbox_title' >retour<\/span><\/a><\/div><br \/>\n\n<style type=\"text\/css\" data-created_by=\"avia_inline_auto\" id=\"style-css-av-kj02fsey-7947dc6dc637ac2b04a43cf327b94834\">\n#top .hr.hr-invisible.av-kj02fsey-7947dc6dc637ac2b04a43cf327b94834{\nheight:50px;\n}\n<\/style>\n<div  class='hr av-kj02fsey-7947dc6dc637ac2b04a43cf327b94834 hr-invisible  avia-builder-el-22  el_after_av_button  avia-builder-el-last '><span class='hr-inner '><span class=\"hr-inner-style\"><\/span><\/span><\/div><\/p><\/div>\n","protected":false},"excerpt":{"rendered":"","protected":false},"author":2,"featured_media":0,"parent":1977,"menu_order":3,"comment_status":"closed","ping_status":"closed","template":"","meta":{"footnotes":""},"class_list":["post-2003","page","type-page","status-publish","hentry"],"_links":{"self":[{"href":"https:\/\/ralph-theissen.be\/fr\/wp-json\/wp\/v2\/pages\/2003","targetHints":{"allow":["GET"]}}],"collection":[{"href":"https:\/\/ralph-theissen.be\/fr\/wp-json\/wp\/v2\/pages"}],"about":[{"href":"https:\/\/ralph-theissen.be\/fr\/wp-json\/wp\/v2\/types\/page"}],"author":[{"embeddable":true,"href":"https:\/\/ralph-theissen.be\/fr\/wp-json\/wp\/v2\/users\/2"}],"replies":[{"embeddable":true,"href":"https:\/\/ralph-theissen.be\/fr\/wp-json\/wp\/v2\/comments?post=2003"}],"version-history":[{"count":2,"href":"https:\/\/ralph-theissen.be\/fr\/wp-json\/wp\/v2\/pages\/2003\/revisions"}],"predecessor-version":[{"id":2005,"href":"https:\/\/ralph-theissen.be\/fr\/wp-json\/wp\/v2\/pages\/2003\/revisions\/2005"}],"up":[{"embeddable":true,"href":"https:\/\/ralph-theissen.be\/fr\/wp-json\/wp\/v2\/pages\/1977"}],"wp:attachment":[{"href":"https:\/\/ralph-theissen.be\/fr\/wp-json\/wp\/v2\/media?parent=2003"}],"curies":[{"name":"wp","href":"https:\/\/api.w.org\/{rel}","templated":true}]}}