{"id":1991,"date":"2021-01-26T13:45:20","date_gmt":"2021-01-26T13:45:20","guid":{"rendered":"https:\/\/ralph-theissen.be\/osteopathie\/techniques\/osteopathie-viscerale\/"},"modified":"2024-03-18T13:47:59","modified_gmt":"2024-03-18T13:47:59","slug":"osteopathie-viscerale","status":"publish","type":"page","link":"https:\/\/ralph-theissen.be\/fr\/osteopathie\/techniques\/osteopathie-viscerale\/","title":{"rendered":"Ost\u00e9opathie visc\u00e9rale"},"content":{"rendered":"\n<style type=\"text\/css\" data-created_by=\"avia_inline_auto\" id=\"style-css-av-g6oxy-342fe96c44aa9d9e73592115793582e8\">\n.flex_column.av-g6oxy-342fe96c44aa9d9e73592115793582e8{\nborder-radius:0px 0px 0px 0px;\npadding:0px 0px 0px 0px;\n}\n<\/style>\n<div  class='flex_column av-g6oxy-342fe96c44aa9d9e73592115793582e8 av_one_full  avia-builder-el-0  el_before_av_one_full  avia-builder-el-first  first flex_column_div av-zero-column-padding  '     ><style type=\"text\/css\" data-created_by=\"avia_inline_auto\" id=\"style-css-av-kjww7p4d-eb7274c638d50fd55525812374b8f6c4\">\n\n@media only screen and (min-width: 480px) and (max-width: 767px){ \n#top .avia-slideshow .av-slideshow-caption.av-kjww7p4d-eb7274c638d50fd55525812374b8f6c4__0 .avia-caption-content{\ndisplay:none;\n}\n#top .avia-slideshow .av-slideshow-caption.av-kjww7p4d-eb7274c638d50fd55525812374b8f6c4__0 .avia-caption-content p{\ndisplay:none;\n}\n}\n\n@media only screen and (max-width: 479px){ \n#top .avia-slideshow .av-slideshow-caption.av-kjww7p4d-eb7274c638d50fd55525812374b8f6c4__0 .avia-caption-content{\ndisplay:none;\n}\n#top .avia-slideshow .av-slideshow-caption.av-kjww7p4d-eb7274c638d50fd55525812374b8f6c4__0 .avia-caption-content p{\ndisplay:none;\n}\n}\n<\/style>\n<div  class='avia-slideshow av-kjww7p4d-eb7274c638d50fd55525812374b8f6c4 avia-slideshow-no scaling av_slideshow avia-slide-slider  avia-builder-el-1  avia-builder-el-no-sibling  av-slideshow-ui av-control-default av-slideshow-manual av-loop-once av-loop-manual-endless av-default-height-applied avia-slideshow-1' data-slideshow-options=\"{&quot;animation&quot;:&quot;slide&quot;,&quot;autoplay&quot;:false,&quot;loop_autoplay&quot;:&quot;once&quot;,&quot;interval&quot;:5,&quot;loop_manual&quot;:&quot;manual-endless&quot;,&quot;autoplay_stopper&quot;:false,&quot;noNavigation&quot;:false,&quot;bg_slider&quot;:false,&quot;keep_padding&quot;:false,&quot;hoverpause&quot;:false,&quot;show_slide_delay&quot;:0}\"  itemprop=\"image\" itemscope=\"itemscope\" itemtype=\"https:\/\/schema.org\/ImageObject\" ><ul class='avia-slideshow-inner ' style='padding-bottom: 47.5%;'><li  class='avia-slideshow-slide av-kjww7p4d-eb7274c638d50fd55525812374b8f6c4__0  av-single-slide slide-1 slide-odd'><div data-rel='slideshow-1' class='avia-slide-wrap '   ><div class='av-slideshow-caption av-kjww7p4d-eb7274c638d50fd55525812374b8f6c4__0 avia-caption'><div class=\"avia-inner-caption\"><div class='avia-caption-content '  itemprop=\"description\" ><p>R\u00e9tablir le manque de flexibilit\u00e9 de l\u2019organe concern\u00e9<\/p>\n<\/div><\/div><\/div><img decoding=\"async\" fetchpriority=\"high\" class=\"wp-image-1952 avia-img-lazy-loading-not-1952\"  src=\"https:\/\/ralph-theissen.be\/wp-content\/uploads\/2021\/02\/THEISSENralph_osteo_technik_5.jpg\" width=\"2000\" height=\"950\" title='' alt=''  itemprop=\"thumbnailUrl\" srcset=\"https:\/\/ralph-theissen.be\/wp-content\/uploads\/2021\/02\/THEISSENralph_osteo_technik_5.jpg 2000w, https:\/\/ralph-theissen.be\/wp-content\/uploads\/2021\/02\/THEISSENralph_osteo_technik_5-300x143.jpg 300w, https:\/\/ralph-theissen.be\/wp-content\/uploads\/2021\/02\/THEISSENralph_osteo_technik_5-1030x489.jpg 1030w, https:\/\/ralph-theissen.be\/wp-content\/uploads\/2021\/02\/THEISSENralph_osteo_technik_5-768x365.jpg 768w, https:\/\/ralph-theissen.be\/wp-content\/uploads\/2021\/02\/THEISSENralph_osteo_technik_5-1536x730.jpg 1536w, https:\/\/ralph-theissen.be\/wp-content\/uploads\/2021\/02\/THEISSENralph_osteo_technik_5-1500x713.jpg 1500w, https:\/\/ralph-theissen.be\/wp-content\/uploads\/2021\/02\/THEISSENralph_osteo_technik_5-705x335.jpg 705w\" sizes=\"(max-width: 2000px) 100vw, 2000px\" \/><\/div><\/li><\/ul><\/div><\/div>\n<style type=\"text\/css\" data-created_by=\"avia_inline_auto\" id=\"style-css-av-9ih-666d46482b8ecba0890fec787d491402\">\n.flex_column.av-9ih-666d46482b8ecba0890fec787d491402{\nborder-radius:0px 0px 0px 0px;\npadding:0px 0px 0px 0px;\n}\n<\/style>\n<div  class='flex_column av-9ih-666d46482b8ecba0890fec787d491402 av_one_full  avia-builder-el-2  el_after_av_one_full  el_before_av_one_full  first flex_column_div av-zero-column-padding  column-top-margin'     ><p>\n<style type=\"text\/css\" data-created_by=\"avia_inline_auto\" id=\"style-css-av-a1ide-a1c96321bf842555c85aafb457f4a4e6\">\n#top .av-special-heading.av-a1ide-a1c96321bf842555c85aafb457f4a4e6{\npadding-bottom:10px;\n}\nbody .av-special-heading.av-a1ide-a1c96321bf842555c85aafb457f4a4e6 .av-special-heading-tag .heading-char{\nfont-size:25px;\n}\n.av-special-heading.av-a1ide-a1c96321bf842555c85aafb457f4a4e6 .av-subheading{\nfont-size:15px;\n}\n<\/style>\n<div  class='av-special-heading av-a1ide-a1c96321bf842555c85aafb457f4a4e6 av-special-heading-h3  avia-builder-el-3  el_before_av_textblock  avia-builder-el-first '><h3 class='av-special-heading-tag '  itemprop=\"headline\"  >Ost\u00e9opathie visc\u00e9rale<\/h3><div class=\"special-heading-border\"><div class=\"special-heading-inner-border\"><\/div><\/div><\/div><br \/>\n<section  class='av_textblock_section av-kj05xhh6-1d4766732537f591e956c63197135445 '   itemscope=\"itemscope\" itemtype=\"https:\/\/schema.org\/CreativeWork\" ><div class='avia_textblock'  itemprop=\"text\" ><p><strong>Le traitement des organes internes<\/strong><\/p>\n<p>L\u2019ost\u00e9opathie visc\u00e9rale traite les organes internes. La plupart des organes internes sont recouverts d\u2019un filet de tissu conjonctif, le p\u00e9ritoine, et reli\u00e9s \u00e0 d\u2019autres organes par des tissus conjonctifs. L\u2019ost\u00e9opathie visc\u00e9rale tente de supprimer la restriction de mouvement ou de r\u00e9tablir le manque de flexibilit\u00e9 de l\u2019organe concern\u00e9.<\/p>\n<p>Des actions telles que des postures inappropri\u00e9es, des cicatrices ou des inflammations peuvent perturber la libre mobilit\u00e9 des organes. Il en r\u00e9sulte \u00e0 long terme des tensions ou des adh\u00e9rences qui provoquent des sympt\u00f4mes chroniques de surcharge. Les cons\u00e9quences peuvent \u00eatre, par exemple, un abaissement de la vessie, de l&rsquo;ut\u00e9rus ou du rein avec des effets tels que des troubles des r\u00e8gles et du cycle menstruel, voire une incontinence.<\/p>\n<div class=\"special-heading-border\"><\/div>\n<\/div><\/section><\/p><\/div><\/p>\n\n<style type=\"text\/css\" data-created_by=\"avia_inline_auto\" id=\"style-css-av-9ih-666d46482b8ecba0890fec787d491402\">\n.flex_column.av-9ih-666d46482b8ecba0890fec787d491402{\nborder-radius:0px 0px 0px 0px;\npadding:0px 0px 0px 0px;\n}\n<\/style>\n<div  class='flex_column av-9ih-666d46482b8ecba0890fec787d491402 av_one_full  avia-builder-el-5  el_after_av_one_full  avia-builder-el-last  first flex_column_div av-zero-column-padding  column-top-margin'     ><p><div  class='avia-button-wrap av-kjwnyn9j-358be7f21ac3a83341129a31e863030e-wrap avia-button-right  avia-builder-el-6  el_before_av_hr  avia-builder-el-first '>\n<style type=\"text\/css\" data-created_by=\"avia_inline_auto\" id=\"style-css-av-kjwnyn9j-358be7f21ac3a83341129a31e863030e\">\n#top #wrap_all .avia-button.av-kjwnyn9j-358be7f21ac3a83341129a31e863030e{\nbackground-color:#dadada;\nborder-color:#dadada;\ntransition:all 0.4s ease-in-out;\n}\n#top #wrap_all .avia-button.av-kjwnyn9j-358be7f21ac3a83341129a31e863030e:hover{\nbackground-color:#b2b2b2;\ncolor:#ffffff;\ntransition:all 0.4s ease-in-out;\n}\n#top #wrap_all .avia-button.av-kjwnyn9j-358be7f21ac3a83341129a31e863030e:hover .avia-svg-icon svg:first-child{\nfill:#ffffff;\nstroke:#ffffff;\n}\n<\/style>\n<a href='https:\/\/ralph-theissen.be\/fr\/osteopathie\/techniques\/'  class='avia-button av-kjwnyn9j-358be7f21ac3a83341129a31e863030e av-link-btn avia-icon_select-yes-left-icon avia-size-small avia-position-right avia-font-color-theme-color'   aria-label=\"retour\"><span class='avia_button_icon avia_button_icon_left avia-iconfont avia-font-entypo-fontello' data-av_icon='\ue874' data-av_iconfont='entypo-fontello' ><\/span><span class='avia_iconbox_title' >retour<\/span><\/a><\/div><br \/>\n\n<style type=\"text\/css\" data-created_by=\"avia_inline_auto\" id=\"style-css-av-kj02fsey-7947dc6dc637ac2b04a43cf327b94834\">\n#top .hr.hr-invisible.av-kj02fsey-7947dc6dc637ac2b04a43cf327b94834{\nheight:50px;\n}\n<\/style>\n<div  class='hr av-kj02fsey-7947dc6dc637ac2b04a43cf327b94834 hr-invisible  avia-builder-el-7  el_after_av_button  avia-builder-el-last '><span class='hr-inner '><span class=\"hr-inner-style\"><\/span><\/span><\/div><\/p><\/div>\n","protected":false},"excerpt":{"rendered":"","protected":false},"author":2,"featured_media":0,"parent":1981,"menu_order":4,"comment_status":"closed","ping_status":"closed","template":"","meta":{"footnotes":""},"class_list":["post-1991","page","type-page","status-publish","hentry"],"_links":{"self":[{"href":"https:\/\/ralph-theissen.be\/fr\/wp-json\/wp\/v2\/pages\/1991","targetHints":{"allow":["GET"]}}],"collection":[{"href":"https:\/\/ralph-theissen.be\/fr\/wp-json\/wp\/v2\/pages"}],"about":[{"href":"https:\/\/ralph-theissen.be\/fr\/wp-json\/wp\/v2\/types\/page"}],"author":[{"embeddable":true,"href":"https:\/\/ralph-theissen.be\/fr\/wp-json\/wp\/v2\/users\/2"}],"replies":[{"embeddable":true,"href":"https:\/\/ralph-theissen.be\/fr\/wp-json\/wp\/v2\/comments?post=1991"}],"version-history":[{"count":1,"href":"https:\/\/ralph-theissen.be\/fr\/wp-json\/wp\/v2\/pages\/1991\/revisions"}],"predecessor-version":[{"id":1992,"href":"https:\/\/ralph-theissen.be\/fr\/wp-json\/wp\/v2\/pages\/1991\/revisions\/1992"}],"up":[{"embeddable":true,"href":"https:\/\/ralph-theissen.be\/fr\/wp-json\/wp\/v2\/pages\/1981"}],"wp:attachment":[{"href":"https:\/\/ralph-theissen.be\/fr\/wp-json\/wp\/v2\/media?parent=1991"}],"curies":[{"name":"wp","href":"https:\/\/api.w.org\/{rel}","templated":true}]}}