{"id":1979,"date":"2020-12-23T06:26:53","date_gmt":"2020-12-23T06:26:53","guid":{"rendered":"https:\/\/ralph-theissen.be\/osteopathie\/une-therapie-naturelle-complementaire\/"},"modified":"2024-03-22T08:33:48","modified_gmt":"2024-03-22T08:33:48","slug":"une-therapie-naturelle-complementaire","status":"publish","type":"page","link":"https:\/\/ralph-theissen.be\/fr\/osteopathie\/une-therapie-naturelle-complementaire\/","title":{"rendered":"Une th\u00e9rapie naturelle compl\u00e9mentaire"},"content":{"rendered":"\n<style type=\"text\/css\" data-created_by=\"avia_inline_auto\" id=\"style-css-av-ci4k9-170ea8134036d67c296cd039ac23f731\">\n.flex_column.av-ci4k9-170ea8134036d67c296cd039ac23f731{\nborder-radius:0px 0px 0px 0px;\npadding:0px 0px 0px 0px;\n}\n<\/style>\n<div  class='flex_column av-ci4k9-170ea8134036d67c296cd039ac23f731 av_one_full  avia-builder-el-0  el_before_av_one_full  avia-builder-el-first  first flex_column_div av-zero-column-padding  '     ><style type=\"text\/css\" data-created_by=\"avia_inline_auto\" id=\"style-css-av-kjww5cn2-8c3220990e9de123d07d5300cdee4dc4\">\n\n@media only screen and (min-width: 480px) and (max-width: 767px){ \n#top .avia-slideshow .av-slideshow-caption.av-kjww5cn2-8c3220990e9de123d07d5300cdee4dc4__0 .avia-caption-content{\ndisplay:none;\n}\n#top .avia-slideshow .av-slideshow-caption.av-kjww5cn2-8c3220990e9de123d07d5300cdee4dc4__0 .avia-caption-content p{\ndisplay:none;\n}\n}\n\n@media only screen and (max-width: 479px){ \n#top .avia-slideshow .av-slideshow-caption.av-kjww5cn2-8c3220990e9de123d07d5300cdee4dc4__0 .avia-caption-content{\ndisplay:none;\n}\n#top .avia-slideshow .av-slideshow-caption.av-kjww5cn2-8c3220990e9de123d07d5300cdee4dc4__0 .avia-caption-content p{\ndisplay:none;\n}\n}\n<\/style>\n<div  class='avia-slideshow av-kjww5cn2-8c3220990e9de123d07d5300cdee4dc4 avia-slideshow-no scaling av_slideshow avia-slide-slider  avia-builder-el-1  avia-builder-el-no-sibling  av-slideshow-ui av-control-default av-slideshow-manual av-loop-once av-loop-manual-endless av-default-height-applied avia-slideshow-1' data-slideshow-options=\"{&quot;animation&quot;:&quot;slide&quot;,&quot;autoplay&quot;:false,&quot;loop_autoplay&quot;:&quot;once&quot;,&quot;interval&quot;:5,&quot;loop_manual&quot;:&quot;manual-endless&quot;,&quot;autoplay_stopper&quot;:false,&quot;noNavigation&quot;:false,&quot;bg_slider&quot;:false,&quot;keep_padding&quot;:false,&quot;hoverpause&quot;:false,&quot;show_slide_delay&quot;:0}\"  itemprop=\"image\" itemscope=\"itemscope\" itemtype=\"https:\/\/schema.org\/ImageObject\" ><ul class='avia-slideshow-inner ' style='padding-bottom: 50.15%;'><li  class='avia-slideshow-slide av-kjww5cn2-8c3220990e9de123d07d5300cdee4dc4__0  av-single-slide slide-1 slide-odd'><div data-rel='slideshow-1' class='avia-slide-wrap '   ><div class='av-slideshow-caption av-kjww5cn2-8c3220990e9de123d07d5300cdee4dc4__0 avia-caption'><div class=\"avia-inner-caption\"><div class='avia-caption-content '  itemprop=\"description\" ><p>Lib\u00e9rer des forces avec les mains<\/p>\n<\/div><\/div><\/div><img decoding=\"async\" fetchpriority=\"high\" class=\"wp-image-1937 avia-img-lazy-loading-not-1937\"  src=\"https:\/\/ralph-theissen.be\/wp-content\/uploads\/2021\/02\/THEISSENralph_osteo_folge_1.jpg\" width=\"2000\" height=\"1003\" title='' alt=''  itemprop=\"thumbnailUrl\" srcset=\"https:\/\/ralph-theissen.be\/wp-content\/uploads\/2021\/02\/THEISSENralph_osteo_folge_1.jpg 2000w, https:\/\/ralph-theissen.be\/wp-content\/uploads\/2021\/02\/THEISSENralph_osteo_folge_1-300x150.jpg 300w, https:\/\/ralph-theissen.be\/wp-content\/uploads\/2021\/02\/THEISSENralph_osteo_folge_1-1030x517.jpg 1030w, https:\/\/ralph-theissen.be\/wp-content\/uploads\/2021\/02\/THEISSENralph_osteo_folge_1-768x385.jpg 768w, https:\/\/ralph-theissen.be\/wp-content\/uploads\/2021\/02\/THEISSENralph_osteo_folge_1-1536x770.jpg 1536w, https:\/\/ralph-theissen.be\/wp-content\/uploads\/2021\/02\/THEISSENralph_osteo_folge_1-1500x752.jpg 1500w, https:\/\/ralph-theissen.be\/wp-content\/uploads\/2021\/02\/THEISSENralph_osteo_folge_1-705x354.jpg 705w\" sizes=\"(max-width: 2000px) 100vw, 2000px\" \/><\/div><\/li><\/ul><\/div><\/div>\n<style type=\"text\/css\" data-created_by=\"avia_inline_auto\" id=\"style-css-av-9ih-666d46482b8ecba0890fec787d491402\">\n.flex_column.av-9ih-666d46482b8ecba0890fec787d491402{\nborder-radius:0px 0px 0px 0px;\npadding:0px 0px 0px 0px;\n}\n<\/style>\n<div  class='flex_column av-9ih-666d46482b8ecba0890fec787d491402 av_one_full  avia-builder-el-2  el_after_av_one_full  el_before_av_one_full  first flex_column_div av-zero-column-padding  column-top-margin'     ><p>\n<style type=\"text\/css\" data-created_by=\"avia_inline_auto\" id=\"style-css-av-7t0ll-f0726a0f72d5794771b945eae46dd3ed\">\n#top .av-special-heading.av-7t0ll-f0726a0f72d5794771b945eae46dd3ed{\npadding-bottom:10px;\n}\nbody .av-special-heading.av-7t0ll-f0726a0f72d5794771b945eae46dd3ed .av-special-heading-tag .heading-char{\nfont-size:25px;\n}\n.av-special-heading.av-7t0ll-f0726a0f72d5794771b945eae46dd3ed .av-subheading{\nfont-size:15px;\n}\n<\/style>\n<div  class='av-special-heading av-7t0ll-f0726a0f72d5794771b945eae46dd3ed av-special-heading-h3  avia-builder-el-3  el_before_av_textblock  avia-builder-el-first '><h3 class='av-special-heading-tag '  itemprop=\"headline\"  >Une th\u00e9rapie naturelle compl\u00e9mentaire<\/h3><div class=\"special-heading-border\"><div class=\"special-heading-inner-border\"><\/div><\/div><\/div><br \/>\n<section  class='av_textblock_section av-kj05xhh6-1d4766732537f591e956c63197135445 '   itemscope=\"itemscope\" itemtype=\"https:\/\/schema.org\/CreativeWork\" ><div class='avia_textblock'  itemprop=\"text\" ><p>Une th\u00e9rapie naturelle compl\u00e9mentaire Le concept d\u2019ost\u00e9opathie, d\u00e9velopp\u00e9 par le Dr am\u00e9ricain Andrew Taylor Still dans la seconde moiti\u00e9 du XIXe si\u00e8cle, a alors permis de comprendre la m\u00e9decine autrement. Au cours de ses recherches, il consid\u00e9rait l\u2019homme comme une unit\u00e9 du corps, de l\u2019esprit et de l\u2019\u00e2me. En cons\u00e9quence, il a constat\u00e9 que le corps disposait de forces d\u2019auto-gu\u00e9rison, \u00e0 condition que ses structures soient bien mobiles et soign\u00e9es, et avait pour but de ne lib\u00e9rer ces forces qu\u2019\u00e0 l\u2019aide des mains, lorsque celles-ci sont limit\u00e9es.<\/p>\n<p>Ainsi, l\u2019ost\u00e9opathie consid\u00e8re non seulement la mobilit\u00e9 du corps dans son ensemble, mais aussi les mouvements propres des tissus et des parties du corps les uns par rapport aux autres, ainsi que leur interaction. En tant que th\u00e9rapie naturelle compl\u00e9mentaire, l\u2019ost\u00e9opathie soutient le traitement m\u00e9dical conventionnel dans certains domaines.<\/p>\n<p><strong><span style=\"font-size: 20px;\"> <\/span><\/strong><\/p>\n<\/div><\/section><br \/>\n<div  class='avia-button-wrap av-kjwnyn9j-218f25a5ed34a68735bb94aa263ddd70-wrap avia-button-right  avia-builder-el-5  el_after_av_textblock  el_before_av_hr '>\n<style type=\"text\/css\" data-created_by=\"avia_inline_auto\" id=\"style-css-av-kjwnyn9j-218f25a5ed34a68735bb94aa263ddd70\">\n#top #wrap_all .avia-button.av-kjwnyn9j-218f25a5ed34a68735bb94aa263ddd70{\nbackground-color:#dadada;\nborder-color:#dadada;\ntransition:all 0.4s ease-in-out;\n}\n#top #wrap_all .avia-button.av-kjwnyn9j-218f25a5ed34a68735bb94aa263ddd70:hover{\nbackground-color:#b2b2b2;\ncolor:#ffffff;\ntransition:all 0.4s ease-in-out;\n}\n#top #wrap_all .avia-button.av-kjwnyn9j-218f25a5ed34a68735bb94aa263ddd70:hover .avia-svg-icon svg:first-child{\nfill:#ffffff;\nstroke:#ffffff;\n}\n<\/style>\n<a href='https:\/\/ralph-theissen.be\/fr\/osteopathie\/'  class='avia-button av-kjwnyn9j-218f25a5ed34a68735bb94aa263ddd70 av-link-btn avia-icon_select-yes-left-icon avia-size-small avia-position-right avia-font-color-theme-color'   aria-label=\"retour\"><span class='avia_button_icon avia_button_icon_left avia-iconfont avia-font-entypo-fontello' data-av_icon='\ue874' data-av_iconfont='entypo-fontello' ><\/span><span class='avia_iconbox_title' >retour<\/span><\/a><\/div><br \/>\n\n<style type=\"text\/css\" data-created_by=\"avia_inline_auto\" id=\"style-css-av-kj02fsey-7947dc6dc637ac2b04a43cf327b94834\">\n#top .hr.hr-invisible.av-kj02fsey-7947dc6dc637ac2b04a43cf327b94834{\nheight:50px;\n}\n<\/style>\n<div  class='hr av-kj02fsey-7947dc6dc637ac2b04a43cf327b94834 hr-invisible  avia-builder-el-6  el_after_av_button  avia-builder-el-last '><span class='hr-inner '><span class=\"hr-inner-style\"><\/span><\/span><\/div><\/p><\/div><\/p>\n\n<style type=\"text\/css\" data-created_by=\"avia_inline_auto\" id=\"style-css-av-9ih-666d46482b8ecba0890fec787d491402\">\n.flex_column.av-9ih-666d46482b8ecba0890fec787d491402{\nborder-radius:0px 0px 0px 0px;\npadding:0px 0px 0px 0px;\n}\n<\/style>\n<div  class='flex_column av-9ih-666d46482b8ecba0890fec787d491402 av_one_full  avia-builder-el-7  el_after_av_one_full  avia-builder-el-last  first flex_column_div av-zero-column-padding  column-top-margin'     ><\/div>\n","protected":false},"excerpt":{"rendered":"","protected":false},"author":2,"featured_media":0,"parent":1977,"menu_order":1,"comment_status":"closed","ping_status":"closed","template":"","meta":{"footnotes":""},"class_list":["post-1979","page","type-page","status-publish","hentry"],"_links":{"self":[{"href":"https:\/\/ralph-theissen.be\/fr\/wp-json\/wp\/v2\/pages\/1979","targetHints":{"allow":["GET"]}}],"collection":[{"href":"https:\/\/ralph-theissen.be\/fr\/wp-json\/wp\/v2\/pages"}],"about":[{"href":"https:\/\/ralph-theissen.be\/fr\/wp-json\/wp\/v2\/types\/page"}],"author":[{"embeddable":true,"href":"https:\/\/ralph-theissen.be\/fr\/wp-json\/wp\/v2\/users\/2"}],"replies":[{"embeddable":true,"href":"https:\/\/ralph-theissen.be\/fr\/wp-json\/wp\/v2\/comments?post=1979"}],"version-history":[{"count":5,"href":"https:\/\/ralph-theissen.be\/fr\/wp-json\/wp\/v2\/pages\/1979\/revisions"}],"predecessor-version":[{"id":2300,"href":"https:\/\/ralph-theissen.be\/fr\/wp-json\/wp\/v2\/pages\/1979\/revisions\/2300"}],"up":[{"embeddable":true,"href":"https:\/\/ralph-theissen.be\/fr\/wp-json\/wp\/v2\/pages\/1977"}],"wp:attachment":[{"href":"https:\/\/ralph-theissen.be\/fr\/wp-json\/wp\/v2\/media?parent=1979"}],"curies":[{"name":"wp","href":"https:\/\/api.w.org\/{rel}","templated":true}]}}